{"id":12011,"date":"2023-02-07T14:35:01","date_gmt":"2023-02-07T20:35:01","guid":{"rendered":"http:\/\/imaginascrap.com.mx\/tienda\/?post_type=product&#038;p=12011"},"modified":"2026-02-01T07:26:29","modified_gmt":"2026-02-01T13:26:29","slug":"multi-cinch","status":"publish","type":"product","link":"https:\/\/imaginascrap.com.mx\/tienda\/producto\/multi-cinch\/","title":{"rendered":"MULTI CINCH"},"content":{"rendered":"","protected":false},"excerpt":{"rendered":"<p>La nueva encuadernadora Multi Cinch de We R Memory Keepers te permite realizar diferentes tipos de encuadernaci\u00f3n con una sola m\u00e1quina.<\/p>\n<p>Incluye:<\/p>\n<p>M\u00e1quina Multi Cinch<\/p>\n<p>Dos cartuchos de corte, circular y de discos.<\/p>\n<p>El resto de los cartuchos y consumibles se venden por separado.<\/p>\n<p>&nbsp;<\/p>\n","protected":false},"featured_media":12012,"comment_status":"open","ping_status":"closed","template":"","meta":[],"product_brand":[],"product_cat":[101,109],"product_tag":[],"class_list":{"0":"post-12011","1":"product","2":"type-product","3":"status-publish","4":"has-post-thumbnail","6":"product_cat-cinch-wires","7":"product_cat-herramientas","8":"clearfix","10":"first","11":"instock","12":"featured","13":"taxable","14":"shipping-taxable","15":"purchasable","16":"product-type-simple"},"yoast_head":"<!-- This site is optimized with the Yoast SEO plugin v27.6 - https:\/\/yoast.com\/product\/yoast-seo-wordpress\/ -->\n<title>MULTI CINCH - Imaginascrap<\/title>\n<meta name=\"robots\" content=\"index, follow, max-snippet:-1, max-image-preview:large, max-video-preview:-1\" \/>\n<link rel=\"canonical\" href=\"https:\/\/imaginascrap.com.mx\/tienda\/producto\/multi-cinch\/\" \/>\n<meta property=\"og:locale\" content=\"es_ES\" \/>\n<meta property=\"og:type\" content=\"article\" \/>\n<meta property=\"og:title\" content=\"MULTI CINCH - Imaginascrap\" \/>\n<meta property=\"og:description\" content=\"La nueva encuadernadora Multi Cinch de We R Memory Keepers te permite realizar diferentes tipos de encuadernaci\u00f3n con una sola m\u00e1quina.  Incluye:  M\u00e1quina Multi Cinch  Dos cartuchos de corte, circular y de discos.  El resto de los cartuchos y consumibles se venden por separado.  &nbsp;\" \/>\n<meta property=\"og:url\" content=\"https:\/\/imaginascrap.com.mx\/tienda\/producto\/multi-cinch\/\" \/>\n<meta property=\"og:site_name\" content=\"Imaginascrap\" \/>\n<meta property=\"article:publisher\" content=\"https:\/\/www.facebook.com\/Imagina-Scrap-1644834815792761\/\" \/>\n<meta property=\"article:modified_time\" content=\"2026-02-01T13:26:29+00:00\" \/>\n<meta property=\"og:image\" content=\"https:\/\/imaginascrap.com.mx\/tienda\/wp-content\/uploads\/2023\/02\/60000779.jpg\" \/>\n\t<meta property=\"og:image:width\" content=\"800\" \/>\n\t<meta property=\"og:image:height\" content=\"600\" \/>\n\t<meta property=\"og:image:type\" content=\"image\/jpeg\" \/>\n<meta name=\"twitter:card\" content=\"summary_large_image\" \/>\n<meta name=\"twitter:label1\" content=\"Tiempo de lectura\" \/>\n\t<meta name=\"twitter:data1\" content=\"1 minuto\" \/>\n<script type=\"application\/ld+json\" class=\"yoast-schema-graph\">{\"@context\":\"https:\\\/\\\/schema.org\",\"@graph\":[{\"@type\":\"WebPage\",\"@id\":\"https:\\\/\\\/imaginascrap.com.mx\\\/tienda\\\/producto\\\/multi-cinch\\\/\",\"url\":\"https:\\\/\\\/imaginascrap.com.mx\\\/tienda\\\/producto\\\/multi-cinch\\\/\",\"name\":\"MULTI CINCH - Imaginascrap\",\"isPartOf\":{\"@id\":\"https:\\\/\\\/imaginascrap.com.mx\\\/tienda\\\/#website\"},\"primaryImageOfPage\":{\"@id\":\"https:\\\/\\\/imaginascrap.com.mx\\\/tienda\\\/producto\\\/multi-cinch\\\/#primaryimage\"},\"image\":{\"@id\":\"https:\\\/\\\/imaginascrap.com.mx\\\/tienda\\\/producto\\\/multi-cinch\\\/#primaryimage\"},\"thumbnailUrl\":\"https:\\\/\\\/imaginascrap.com.mx\\\/tienda\\\/wp-content\\\/uploads\\\/2023\\\/02\\\/60000779.jpg\",\"datePublished\":\"2023-02-07T20:35:01+00:00\",\"dateModified\":\"2026-02-01T13:26:29+00:00\",\"breadcrumb\":{\"@id\":\"https:\\\/\\\/imaginascrap.com.mx\\\/tienda\\\/producto\\\/multi-cinch\\\/#breadcrumb\"},\"inLanguage\":\"es\",\"potentialAction\":[{\"@type\":\"ReadAction\",\"target\":[\"https:\\\/\\\/imaginascrap.com.mx\\\/tienda\\\/producto\\\/multi-cinch\\\/\"]}]},{\"@type\":\"ImageObject\",\"inLanguage\":\"es\",\"@id\":\"https:\\\/\\\/imaginascrap.com.mx\\\/tienda\\\/producto\\\/multi-cinch\\\/#primaryimage\",\"url\":\"https:\\\/\\\/imaginascrap.com.mx\\\/tienda\\\/wp-content\\\/uploads\\\/2023\\\/02\\\/60000779.jpg\",\"contentUrl\":\"https:\\\/\\\/imaginascrap.com.mx\\\/tienda\\\/wp-content\\\/uploads\\\/2023\\\/02\\\/60000779.jpg\",\"width\":800,\"height\":600},{\"@type\":\"BreadcrumbList\",\"@id\":\"https:\\\/\\\/imaginascrap.com.mx\\\/tienda\\\/producto\\\/multi-cinch\\\/#breadcrumb\",\"itemListElement\":[{\"@type\":\"ListItem\",\"position\":1,\"name\":\"Portada\",\"item\":\"https:\\\/\\\/imaginascrap.com.mx\\\/tienda\\\/\"},{\"@type\":\"ListItem\",\"position\":2,\"name\":\"Tienda\",\"item\":\"https:\\\/\\\/imaginascrap.com.mx\\\/tienda\\\/tienda\\\/\"},{\"@type\":\"ListItem\",\"position\":3,\"name\":\"MULTI CINCH\"}]},{\"@type\":\"WebSite\",\"@id\":\"https:\\\/\\\/imaginascrap.com.mx\\\/tienda\\\/#website\",\"url\":\"https:\\\/\\\/imaginascrap.com.mx\\\/tienda\\\/\",\"name\":\"Imaginascrap\",\"description\":\"Venta de herramientas y materiales para manualidades\",\"publisher\":{\"@id\":\"https:\\\/\\\/imaginascrap.com.mx\\\/tienda\\\/#organization\"},\"potentialAction\":[{\"@type\":\"SearchAction\",\"target\":{\"@type\":\"EntryPoint\",\"urlTemplate\":\"https:\\\/\\\/imaginascrap.com.mx\\\/tienda\\\/?s={search_term_string}\"},\"query-input\":{\"@type\":\"PropertyValueSpecification\",\"valueRequired\":true,\"valueName\":\"search_term_string\"}}],\"inLanguage\":\"es\"},{\"@type\":\"Organization\",\"@id\":\"https:\\\/\\\/imaginascrap.com.mx\\\/tienda\\\/#organization\",\"name\":\"Imagina Scrap S.A de C.V.\",\"url\":\"https:\\\/\\\/imaginascrap.com.mx\\\/tienda\\\/\",\"logo\":{\"@type\":\"ImageObject\",\"inLanguage\":\"es\",\"@id\":\"https:\\\/\\\/imaginascrap.com.mx\\\/tienda\\\/#\\\/schema\\\/logo\\\/image\\\/\",\"url\":\"http:\\\/\\\/imaginascrap.com.mx\\\/tienda\\\/wp-content\\\/uploads\\\/2017\\\/06\\\/logo_Imagina-Scrap_ch.png\",\"contentUrl\":\"http:\\\/\\\/imaginascrap.com.mx\\\/tienda\\\/wp-content\\\/uploads\\\/2017\\\/06\\\/logo_Imagina-Scrap_ch.png\",\"width\":250,\"height\":250,\"caption\":\"Imagina Scrap S.A de C.V.\"},\"image\":{\"@id\":\"https:\\\/\\\/imaginascrap.com.mx\\\/tienda\\\/#\\\/schema\\\/logo\\\/image\\\/\"},\"sameAs\":[\"https:\\\/\\\/www.facebook.com\\\/Imagina-Scrap-1644834815792761\\\/\"]}]}<\/script>\n<!-- \/ Yoast SEO plugin. -->","yoast_head_json":{"title":"MULTI CINCH - Imaginascrap","robots":{"index":"index","follow":"follow","max-snippet":"max-snippet:-1","max-image-preview":"max-image-preview:large","max-video-preview":"max-video-preview:-1"},"canonical":"https:\/\/imaginascrap.com.mx\/tienda\/producto\/multi-cinch\/","og_locale":"es_ES","og_type":"article","og_title":"MULTI CINCH - Imaginascrap","og_description":"La nueva encuadernadora Multi Cinch de We R Memory Keepers te permite realizar diferentes tipos de encuadernaci\u00f3n con una sola m\u00e1quina.  Incluye:  M\u00e1quina Multi Cinch  Dos cartuchos de corte, circular y de discos.  El resto de los cartuchos y consumibles se venden por separado.  &nbsp;","og_url":"https:\/\/imaginascrap.com.mx\/tienda\/producto\/multi-cinch\/","og_site_name":"Imaginascrap","article_publisher":"https:\/\/www.facebook.com\/Imagina-Scrap-1644834815792761\/","article_modified_time":"2026-02-01T13:26:29+00:00","og_image":[{"width":800,"height":600,"url":"https:\/\/imaginascrap.com.mx\/tienda\/wp-content\/uploads\/2023\/02\/60000779.jpg","type":"image\/jpeg"}],"twitter_card":"summary_large_image","twitter_misc":{"Tiempo de lectura":"1 minuto"},"schema":{"@context":"https:\/\/schema.org","@graph":[{"@type":"WebPage","@id":"https:\/\/imaginascrap.com.mx\/tienda\/producto\/multi-cinch\/","url":"https:\/\/imaginascrap.com.mx\/tienda\/producto\/multi-cinch\/","name":"MULTI CINCH - Imaginascrap","isPartOf":{"@id":"https:\/\/imaginascrap.com.mx\/tienda\/#website"},"primaryImageOfPage":{"@id":"https:\/\/imaginascrap.com.mx\/tienda\/producto\/multi-cinch\/#primaryimage"},"image":{"@id":"https:\/\/imaginascrap.com.mx\/tienda\/producto\/multi-cinch\/#primaryimage"},"thumbnailUrl":"https:\/\/imaginascrap.com.mx\/tienda\/wp-content\/uploads\/2023\/02\/60000779.jpg","datePublished":"2023-02-07T20:35:01+00:00","dateModified":"2026-02-01T13:26:29+00:00","breadcrumb":{"@id":"https:\/\/imaginascrap.com.mx\/tienda\/producto\/multi-cinch\/#breadcrumb"},"inLanguage":"es","potentialAction":[{"@type":"ReadAction","target":["https:\/\/imaginascrap.com.mx\/tienda\/producto\/multi-cinch\/"]}]},{"@type":"ImageObject","inLanguage":"es","@id":"https:\/\/imaginascrap.com.mx\/tienda\/producto\/multi-cinch\/#primaryimage","url":"https:\/\/imaginascrap.com.mx\/tienda\/wp-content\/uploads\/2023\/02\/60000779.jpg","contentUrl":"https:\/\/imaginascrap.com.mx\/tienda\/wp-content\/uploads\/2023\/02\/60000779.jpg","width":800,"height":600},{"@type":"BreadcrumbList","@id":"https:\/\/imaginascrap.com.mx\/tienda\/producto\/multi-cinch\/#breadcrumb","itemListElement":[{"@type":"ListItem","position":1,"name":"Portada","item":"https:\/\/imaginascrap.com.mx\/tienda\/"},{"@type":"ListItem","position":2,"name":"Tienda","item":"https:\/\/imaginascrap.com.mx\/tienda\/tienda\/"},{"@type":"ListItem","position":3,"name":"MULTI CINCH"}]},{"@type":"WebSite","@id":"https:\/\/imaginascrap.com.mx\/tienda\/#website","url":"https:\/\/imaginascrap.com.mx\/tienda\/","name":"Imaginascrap","description":"Venta de herramientas y materiales para manualidades","publisher":{"@id":"https:\/\/imaginascrap.com.mx\/tienda\/#organization"},"potentialAction":[{"@type":"SearchAction","target":{"@type":"EntryPoint","urlTemplate":"https:\/\/imaginascrap.com.mx\/tienda\/?s={search_term_string}"},"query-input":{"@type":"PropertyValueSpecification","valueRequired":true,"valueName":"search_term_string"}}],"inLanguage":"es"},{"@type":"Organization","@id":"https:\/\/imaginascrap.com.mx\/tienda\/#organization","name":"Imagina Scrap S.A de C.V.","url":"https:\/\/imaginascrap.com.mx\/tienda\/","logo":{"@type":"ImageObject","inLanguage":"es","@id":"https:\/\/imaginascrap.com.mx\/tienda\/#\/schema\/logo\/image\/","url":"http:\/\/imaginascrap.com.mx\/tienda\/wp-content\/uploads\/2017\/06\/logo_Imagina-Scrap_ch.png","contentUrl":"http:\/\/imaginascrap.com.mx\/tienda\/wp-content\/uploads\/2017\/06\/logo_Imagina-Scrap_ch.png","width":250,"height":250,"caption":"Imagina Scrap S.A de C.V."},"image":{"@id":"https:\/\/imaginascrap.com.mx\/tienda\/#\/schema\/logo\/image\/"},"sameAs":["https:\/\/www.facebook.com\/Imagina-Scrap-1644834815792761\/"]}]}},"_links":{"self":[{"href":"https:\/\/imaginascrap.com.mx\/tienda\/wp-json\/wp\/v2\/product\/12011","targetHints":{"allow":["GET"]}}],"collection":[{"href":"https:\/\/imaginascrap.com.mx\/tienda\/wp-json\/wp\/v2\/product"}],"about":[{"href":"https:\/\/imaginascrap.com.mx\/tienda\/wp-json\/wp\/v2\/types\/product"}],"replies":[{"embeddable":true,"href":"https:\/\/imaginascrap.com.mx\/tienda\/wp-json\/wp\/v2\/comments?post=12011"}],"wp:featuredmedia":[{"embeddable":true,"href":"https:\/\/imaginascrap.com.mx\/tienda\/wp-json\/wp\/v2\/media\/12012"}],"wp:attachment":[{"href":"https:\/\/imaginascrap.com.mx\/tienda\/wp-json\/wp\/v2\/media?parent=12011"}],"wp:term":[{"taxonomy":"product_brand","embeddable":true,"href":"https:\/\/imaginascrap.com.mx\/tienda\/wp-json\/wp\/v2\/product_brand?post=12011"},{"taxonomy":"product_cat","embeddable":true,"href":"https:\/\/imaginascrap.com.mx\/tienda\/wp-json\/wp\/v2\/product_cat?post=12011"},{"taxonomy":"product_tag","embeddable":true,"href":"https:\/\/imaginascrap.com.mx\/tienda\/wp-json\/wp\/v2\/product_tag?post=12011"}],"curies":[{"name":"wp","href":"https:\/\/api.w.org\/{rel}","templated":true}]}}