{"id":12158,"date":"2023-09-11T16:30:22","date_gmt":"2023-09-11T22:30:22","guid":{"rendered":"http:\/\/imaginascrap.com.mx\/tienda\/?post_type=product&#038;p=12158"},"modified":"2023-09-11T16:30:23","modified_gmt":"2023-09-11T22:30:23","slug":"protectores-de-pagina-para-album-12-x-12-pulgadas","status":"publish","type":"product","link":"https:\/\/imaginascrap.com.mx\/tienda\/producto\/protectores-de-pagina-para-album-12-x-12-pulgadas\/","title":{"rendered":"Protectores de p\u00e1gina para \u00e1lbum 12 x 12 pulgadas"},"content":{"rendered":"","protected":false},"excerpt":{"rendered":"<p id=\"tw-target-text\" class=\"tw-data-text tw-text-large tw-ta\" dir=\"ltr\" data-placeholder=\"Traducci\u00f3n\"><span class=\"Y2IQFc\" lang=\"es\">Este paquete incluye:<\/span><\/p>\n<p class=\"tw-data-text tw-text-large tw-ta\" dir=\"ltr\" data-placeholder=\"Traducci\u00f3n\"><span class=\"Y2IQFc\" lang=\"es\"> 12 protectores de p\u00e1ginas de 12 x 12 pulgadas<\/span><\/p>\n<p class=\"tw-data-text tw-text-large tw-ta\" dir=\"ltr\" data-placeholder=\"Traducci\u00f3n\"><span class=\"Y2IQFc\" lang=\"es\"> 24 p\u00e1ginas de repuesto de 12 x 12 pulgadas.<\/span><\/p>\n","protected":false},"featured_media":12159,"comment_status":"open","ping_status":"closed","template":"","meta":[],"product_brand":[],"product_cat":[158],"product_tag":[],"class_list":{"0":"post-12158","1":"product","2":"type-product","3":"status-publish","4":"has-post-thumbnail","6":"product_cat-outlet","7":"clearfix","9":"first","10":"instock","11":"sale","12":"taxable","13":"shipping-taxable","14":"purchasable","15":"product-type-simple"},"yoast_head":"<!-- This site is optimized with the Yoast SEO plugin v27.6 - https:\/\/yoast.com\/product\/yoast-seo-wordpress\/ -->\n<title>Protectores de p\u00e1gina para \u00e1lbum 12 x 12 pulgadas - Imaginascrap<\/title>\n<meta name=\"robots\" content=\"index, follow, max-snippet:-1, max-image-preview:large, max-video-preview:-1\" \/>\n<link rel=\"canonical\" href=\"https:\/\/imaginascrap.com.mx\/tienda\/producto\/protectores-de-pagina-para-album-12-x-12-pulgadas\/\" \/>\n<meta property=\"og:locale\" content=\"es_ES\" \/>\n<meta property=\"og:type\" content=\"article\" \/>\n<meta property=\"og:title\" content=\"Protectores de p\u00e1gina para \u00e1lbum 12 x 12 pulgadas - Imaginascrap\" \/>\n<meta property=\"og:description\" content=\"Este paquete incluye:  12 protectores de p\u00e1ginas de 12 x 12 pulgadas  24 p\u00e1ginas de repuesto de 12 x 12 pulgadas.\" \/>\n<meta property=\"og:url\" content=\"https:\/\/imaginascrap.com.mx\/tienda\/producto\/protectores-de-pagina-para-album-12-x-12-pulgadas\/\" \/>\n<meta property=\"og:site_name\" content=\"Imaginascrap\" \/>\n<meta property=\"article:publisher\" content=\"https:\/\/www.facebook.com\/Imagina-Scrap-1644834815792761\/\" \/>\n<meta property=\"article:modified_time\" content=\"2023-09-11T22:30:23+00:00\" \/>\n<meta property=\"og:image\" content=\"https:\/\/imaginascrap.com.mx\/tienda\/wp-content\/uploads\/2023\/09\/313745.jpg\" \/>\n\t<meta property=\"og:image:width\" content=\"800\" \/>\n\t<meta property=\"og:image:height\" content=\"601\" \/>\n\t<meta property=\"og:image:type\" content=\"image\/jpeg\" \/>\n<meta name=\"twitter:card\" content=\"summary_large_image\" \/>\n<script type=\"application\/ld+json\" class=\"yoast-schema-graph\">{\"@context\":\"https:\\\/\\\/schema.org\",\"@graph\":[{\"@type\":\"WebPage\",\"@id\":\"https:\\\/\\\/imaginascrap.com.mx\\\/tienda\\\/producto\\\/protectores-de-pagina-para-album-12-x-12-pulgadas\\\/\",\"url\":\"https:\\\/\\\/imaginascrap.com.mx\\\/tienda\\\/producto\\\/protectores-de-pagina-para-album-12-x-12-pulgadas\\\/\",\"name\":\"Protectores de p\u00e1gina para \u00e1lbum 12 x 12 pulgadas - Imaginascrap\",\"isPartOf\":{\"@id\":\"https:\\\/\\\/imaginascrap.com.mx\\\/tienda\\\/#website\"},\"primaryImageOfPage\":{\"@id\":\"https:\\\/\\\/imaginascrap.com.mx\\\/tienda\\\/producto\\\/protectores-de-pagina-para-album-12-x-12-pulgadas\\\/#primaryimage\"},\"image\":{\"@id\":\"https:\\\/\\\/imaginascrap.com.mx\\\/tienda\\\/producto\\\/protectores-de-pagina-para-album-12-x-12-pulgadas\\\/#primaryimage\"},\"thumbnailUrl\":\"https:\\\/\\\/imaginascrap.com.mx\\\/tienda\\\/wp-content\\\/uploads\\\/2023\\\/09\\\/313745.jpg\",\"datePublished\":\"2023-09-11T22:30:22+00:00\",\"dateModified\":\"2023-09-11T22:30:23+00:00\",\"breadcrumb\":{\"@id\":\"https:\\\/\\\/imaginascrap.com.mx\\\/tienda\\\/producto\\\/protectores-de-pagina-para-album-12-x-12-pulgadas\\\/#breadcrumb\"},\"inLanguage\":\"es\",\"potentialAction\":[{\"@type\":\"ReadAction\",\"target\":[\"https:\\\/\\\/imaginascrap.com.mx\\\/tienda\\\/producto\\\/protectores-de-pagina-para-album-12-x-12-pulgadas\\\/\"]}]},{\"@type\":\"ImageObject\",\"inLanguage\":\"es\",\"@id\":\"https:\\\/\\\/imaginascrap.com.mx\\\/tienda\\\/producto\\\/protectores-de-pagina-para-album-12-x-12-pulgadas\\\/#primaryimage\",\"url\":\"https:\\\/\\\/imaginascrap.com.mx\\\/tienda\\\/wp-content\\\/uploads\\\/2023\\\/09\\\/313745.jpg\",\"contentUrl\":\"https:\\\/\\\/imaginascrap.com.mx\\\/tienda\\\/wp-content\\\/uploads\\\/2023\\\/09\\\/313745.jpg\",\"width\":800,\"height\":601},{\"@type\":\"BreadcrumbList\",\"@id\":\"https:\\\/\\\/imaginascrap.com.mx\\\/tienda\\\/producto\\\/protectores-de-pagina-para-album-12-x-12-pulgadas\\\/#breadcrumb\",\"itemListElement\":[{\"@type\":\"ListItem\",\"position\":1,\"name\":\"Portada\",\"item\":\"https:\\\/\\\/imaginascrap.com.mx\\\/tienda\\\/\"},{\"@type\":\"ListItem\",\"position\":2,\"name\":\"Tienda\",\"item\":\"https:\\\/\\\/imaginascrap.com.mx\\\/tienda\\\/tienda\\\/\"},{\"@type\":\"ListItem\",\"position\":3,\"name\":\"Protectores de p\u00e1gina para \u00e1lbum 12 x 12 pulgadas\"}]},{\"@type\":\"WebSite\",\"@id\":\"https:\\\/\\\/imaginascrap.com.mx\\\/tienda\\\/#website\",\"url\":\"https:\\\/\\\/imaginascrap.com.mx\\\/tienda\\\/\",\"name\":\"Imaginascrap\",\"description\":\"Venta de herramientas y materiales para manualidades\",\"publisher\":{\"@id\":\"https:\\\/\\\/imaginascrap.com.mx\\\/tienda\\\/#organization\"},\"potentialAction\":[{\"@type\":\"SearchAction\",\"target\":{\"@type\":\"EntryPoint\",\"urlTemplate\":\"https:\\\/\\\/imaginascrap.com.mx\\\/tienda\\\/?s={search_term_string}\"},\"query-input\":{\"@type\":\"PropertyValueSpecification\",\"valueRequired\":true,\"valueName\":\"search_term_string\"}}],\"inLanguage\":\"es\"},{\"@type\":\"Organization\",\"@id\":\"https:\\\/\\\/imaginascrap.com.mx\\\/tienda\\\/#organization\",\"name\":\"Imagina Scrap S.A de C.V.\",\"url\":\"https:\\\/\\\/imaginascrap.com.mx\\\/tienda\\\/\",\"logo\":{\"@type\":\"ImageObject\",\"inLanguage\":\"es\",\"@id\":\"https:\\\/\\\/imaginascrap.com.mx\\\/tienda\\\/#\\\/schema\\\/logo\\\/image\\\/\",\"url\":\"http:\\\/\\\/imaginascrap.com.mx\\\/tienda\\\/wp-content\\\/uploads\\\/2017\\\/06\\\/logo_Imagina-Scrap_ch.png\",\"contentUrl\":\"http:\\\/\\\/imaginascrap.com.mx\\\/tienda\\\/wp-content\\\/uploads\\\/2017\\\/06\\\/logo_Imagina-Scrap_ch.png\",\"width\":250,\"height\":250,\"caption\":\"Imagina Scrap S.A de C.V.\"},\"image\":{\"@id\":\"https:\\\/\\\/imaginascrap.com.mx\\\/tienda\\\/#\\\/schema\\\/logo\\\/image\\\/\"},\"sameAs\":[\"https:\\\/\\\/www.facebook.com\\\/Imagina-Scrap-1644834815792761\\\/\"]}]}<\/script>\n<!-- \/ Yoast SEO plugin. -->","yoast_head_json":{"title":"Protectores de p\u00e1gina para \u00e1lbum 12 x 12 pulgadas - Imaginascrap","robots":{"index":"index","follow":"follow","max-snippet":"max-snippet:-1","max-image-preview":"max-image-preview:large","max-video-preview":"max-video-preview:-1"},"canonical":"https:\/\/imaginascrap.com.mx\/tienda\/producto\/protectores-de-pagina-para-album-12-x-12-pulgadas\/","og_locale":"es_ES","og_type":"article","og_title":"Protectores de p\u00e1gina para \u00e1lbum 12 x 12 pulgadas - Imaginascrap","og_description":"Este paquete incluye:  12 protectores de p\u00e1ginas de 12 x 12 pulgadas  24 p\u00e1ginas de repuesto de 12 x 12 pulgadas.","og_url":"https:\/\/imaginascrap.com.mx\/tienda\/producto\/protectores-de-pagina-para-album-12-x-12-pulgadas\/","og_site_name":"Imaginascrap","article_publisher":"https:\/\/www.facebook.com\/Imagina-Scrap-1644834815792761\/","article_modified_time":"2023-09-11T22:30:23+00:00","og_image":[{"width":800,"height":601,"url":"https:\/\/imaginascrap.com.mx\/tienda\/wp-content\/uploads\/2023\/09\/313745.jpg","type":"image\/jpeg"}],"twitter_card":"summary_large_image","schema":{"@context":"https:\/\/schema.org","@graph":[{"@type":"WebPage","@id":"https:\/\/imaginascrap.com.mx\/tienda\/producto\/protectores-de-pagina-para-album-12-x-12-pulgadas\/","url":"https:\/\/imaginascrap.com.mx\/tienda\/producto\/protectores-de-pagina-para-album-12-x-12-pulgadas\/","name":"Protectores de p\u00e1gina para \u00e1lbum 12 x 12 pulgadas - Imaginascrap","isPartOf":{"@id":"https:\/\/imaginascrap.com.mx\/tienda\/#website"},"primaryImageOfPage":{"@id":"https:\/\/imaginascrap.com.mx\/tienda\/producto\/protectores-de-pagina-para-album-12-x-12-pulgadas\/#primaryimage"},"image":{"@id":"https:\/\/imaginascrap.com.mx\/tienda\/producto\/protectores-de-pagina-para-album-12-x-12-pulgadas\/#primaryimage"},"thumbnailUrl":"https:\/\/imaginascrap.com.mx\/tienda\/wp-content\/uploads\/2023\/09\/313745.jpg","datePublished":"2023-09-11T22:30:22+00:00","dateModified":"2023-09-11T22:30:23+00:00","breadcrumb":{"@id":"https:\/\/imaginascrap.com.mx\/tienda\/producto\/protectores-de-pagina-para-album-12-x-12-pulgadas\/#breadcrumb"},"inLanguage":"es","potentialAction":[{"@type":"ReadAction","target":["https:\/\/imaginascrap.com.mx\/tienda\/producto\/protectores-de-pagina-para-album-12-x-12-pulgadas\/"]}]},{"@type":"ImageObject","inLanguage":"es","@id":"https:\/\/imaginascrap.com.mx\/tienda\/producto\/protectores-de-pagina-para-album-12-x-12-pulgadas\/#primaryimage","url":"https:\/\/imaginascrap.com.mx\/tienda\/wp-content\/uploads\/2023\/09\/313745.jpg","contentUrl":"https:\/\/imaginascrap.com.mx\/tienda\/wp-content\/uploads\/2023\/09\/313745.jpg","width":800,"height":601},{"@type":"BreadcrumbList","@id":"https:\/\/imaginascrap.com.mx\/tienda\/producto\/protectores-de-pagina-para-album-12-x-12-pulgadas\/#breadcrumb","itemListElement":[{"@type":"ListItem","position":1,"name":"Portada","item":"https:\/\/imaginascrap.com.mx\/tienda\/"},{"@type":"ListItem","position":2,"name":"Tienda","item":"https:\/\/imaginascrap.com.mx\/tienda\/tienda\/"},{"@type":"ListItem","position":3,"name":"Protectores de p\u00e1gina para \u00e1lbum 12 x 12 pulgadas"}]},{"@type":"WebSite","@id":"https:\/\/imaginascrap.com.mx\/tienda\/#website","url":"https:\/\/imaginascrap.com.mx\/tienda\/","name":"Imaginascrap","description":"Venta de herramientas y materiales para manualidades","publisher":{"@id":"https:\/\/imaginascrap.com.mx\/tienda\/#organization"},"potentialAction":[{"@type":"SearchAction","target":{"@type":"EntryPoint","urlTemplate":"https:\/\/imaginascrap.com.mx\/tienda\/?s={search_term_string}"},"query-input":{"@type":"PropertyValueSpecification","valueRequired":true,"valueName":"search_term_string"}}],"inLanguage":"es"},{"@type":"Organization","@id":"https:\/\/imaginascrap.com.mx\/tienda\/#organization","name":"Imagina Scrap S.A de C.V.","url":"https:\/\/imaginascrap.com.mx\/tienda\/","logo":{"@type":"ImageObject","inLanguage":"es","@id":"https:\/\/imaginascrap.com.mx\/tienda\/#\/schema\/logo\/image\/","url":"http:\/\/imaginascrap.com.mx\/tienda\/wp-content\/uploads\/2017\/06\/logo_Imagina-Scrap_ch.png","contentUrl":"http:\/\/imaginascrap.com.mx\/tienda\/wp-content\/uploads\/2017\/06\/logo_Imagina-Scrap_ch.png","width":250,"height":250,"caption":"Imagina Scrap S.A de C.V."},"image":{"@id":"https:\/\/imaginascrap.com.mx\/tienda\/#\/schema\/logo\/image\/"},"sameAs":["https:\/\/www.facebook.com\/Imagina-Scrap-1644834815792761\/"]}]}},"_links":{"self":[{"href":"https:\/\/imaginascrap.com.mx\/tienda\/wp-json\/wp\/v2\/product\/12158","targetHints":{"allow":["GET"]}}],"collection":[{"href":"https:\/\/imaginascrap.com.mx\/tienda\/wp-json\/wp\/v2\/product"}],"about":[{"href":"https:\/\/imaginascrap.com.mx\/tienda\/wp-json\/wp\/v2\/types\/product"}],"replies":[{"embeddable":true,"href":"https:\/\/imaginascrap.com.mx\/tienda\/wp-json\/wp\/v2\/comments?post=12158"}],"wp:featuredmedia":[{"embeddable":true,"href":"https:\/\/imaginascrap.com.mx\/tienda\/wp-json\/wp\/v2\/media\/12159"}],"wp:attachment":[{"href":"https:\/\/imaginascrap.com.mx\/tienda\/wp-json\/wp\/v2\/media?parent=12158"}],"wp:term":[{"taxonomy":"product_brand","embeddable":true,"href":"https:\/\/imaginascrap.com.mx\/tienda\/wp-json\/wp\/v2\/product_brand?post=12158"},{"taxonomy":"product_cat","embeddable":true,"href":"https:\/\/imaginascrap.com.mx\/tienda\/wp-json\/wp\/v2\/product_cat?post=12158"},{"taxonomy":"product_tag","embeddable":true,"href":"https:\/\/imaginascrap.com.mx\/tienda\/wp-json\/wp\/v2\/product_tag?post=12158"}],"curies":[{"name":"wp","href":"https:\/\/api.w.org\/{rel}","templated":true}]}}