{"id":12248,"date":"2023-12-20T18:02:43","date_gmt":"2023-12-21T00:02:43","guid":{"rendered":"https:\/\/imaginascrap.com.mx\/tienda\/?post_type=product&#038;p=12248"},"modified":"2026-02-18T18:36:48","modified_gmt":"2026-02-19T00:36:48","slug":"cameo-5","status":"publish","type":"product","link":"https:\/\/imaginascrap.com.mx\/tienda\/producto\/cameo-5\/","title":{"rendered":"Cameo 5"},"content":{"rendered":"","protected":false},"excerpt":{"rendered":"<p>El nuevo Plotter de Corte Silhouette Cameo 5 tiene una ingenier\u00eda totalmente nueva y actualizada, es la m\u00e1quina m\u00e1s r\u00e1pida, precisa y silenciosa de la gama Silhouette.<\/p>\n<p>Caracter\u00edsticas principales:<\/p>\n<ul>\n<li>Capacidad de herramientas el\u00e9ctricas.<\/li>\n<li>Corte transversal autom\u00e1tico con AutoBlade.<\/li>\n<li>Nuevo accesorio de alimentaci\u00f3n de rollo reforzado (acoplable).<\/li>\n<li>Operaci\u00f3n m\u00e1s silenciosa.<\/li>\n<li>Alfombra electrost\u00e1tica (accesorio complementario opcional).<\/li>\n<li>Rodillos de presi\u00f3n ajustables con fuerza de agarre mejorada y capacidad para personalizar la posici\u00f3n.<\/li>\n<li>Lectura de marcas de registro mejorada para trabajos de Impresi\u00f3n y Corte.<\/li>\n<li>Arquitectura de tapa de apertura suave.<\/li>\n<li>Ancho de corte completo de 12 pulgadas.<\/li>\n<li>Corta hasta 16 pies de largo.<\/li>\n<li>Capacidades de corte sin tapete.<\/li>\n<li>Grosor de corte de 3 mm para materiales m\u00e1s gruesos.<\/li>\n<li>Detecci\u00f3n autom\u00e1tica de herramientas.<\/li>\n<li>Corte inal\u00e1mbrico con conectividad Bluetooth\u00ae.<\/li>\n<li>Compatible con PixScan\u2122.<\/li>\n<\/ul>\n<p>Incluye:<\/p>\n<ul>\n<li>Silhouette Cameo 5.<\/li>\n<li>Juego de cables de alimentaci\u00f3n.<\/li>\n<li>Tapete de corte.<\/li>\n<li>Autoblade.<\/li>\n<li>Herramienta de ajuste de cuchilla.<\/li>\n<li>Alimentador de rollos.<\/li>\n<li>Software Silhouette Studio\u00ae (descargar).<\/li>\n<li>100 dise\u00f1os exclusivos (disponibles con registro).<\/li>\n<li>Suscripci\u00f3n de 1 mes a Silhouette Design Store (disponible con registro).<\/li>\n<\/ul>\n","protected":false},"featured_media":12249,"comment_status":"open","ping_status":"closed","template":"","meta":[],"product_brand":[],"product_cat":[115,136],"product_tag":[],"class_list":{"0":"post-12248","1":"product","2":"type-product","3":"status-publish","4":"has-post-thumbnail","6":"product_cat-maquinas","7":"product_cat-silhouette","8":"clearfix","10":"first","11":"outofstock","12":"taxable","13":"shipping-taxable","14":"purchasable","15":"product-type-simple"},"yoast_head":"<!-- This site is optimized with the Yoast SEO plugin v27.6 - https:\/\/yoast.com\/product\/yoast-seo-wordpress\/ -->\n<title>Cameo 5 - Imaginascrap<\/title>\n<meta name=\"robots\" content=\"index, follow, max-snippet:-1, max-image-preview:large, max-video-preview:-1\" \/>\n<link rel=\"canonical\" href=\"https:\/\/imaginascrap.com.mx\/tienda\/producto\/cameo-5\/\" \/>\n<meta property=\"og:locale\" content=\"es_ES\" \/>\n<meta property=\"og:type\" content=\"article\" \/>\n<meta property=\"og:title\" content=\"Cameo 5 - Imaginascrap\" \/>\n<meta property=\"og:description\" content=\"El nuevo Plotter de Corte Silhouette Cameo 5 tiene una ingenier\u00eda totalmente nueva y actualizada, es la m\u00e1quina m\u00e1s r\u00e1pida, precisa y silenciosa de la gama Silhouette.  Caracter\u00edsticas principales:   Capacidad de herramientas el\u00e9ctricas.  Corte transversal autom\u00e1tico con AutoBlade.  Nuevo accesorio de alimentaci\u00f3n de rollo reforzado (acoplable).  Operaci\u00f3n m\u00e1s silenciosa.  Alfombra electrost\u00e1tica (accesorio complementario opcional).  Rodillos de presi\u00f3n ajustables con fuerza de agarre mejorada y capacidad para personalizar la posici\u00f3n.  Lectura de marcas de registro mejorada para trabajos de Impresi\u00f3n y Corte.  Arquitectura de tapa de apertura suave.  Ancho de corte completo de 12 pulgadas.  Corta hasta 16 pies de largo.  Capacidades de corte sin tapete.  Grosor de corte de 3 mm para materiales m\u00e1s gruesos.  Detecci\u00f3n autom\u00e1tica de herramientas.  Corte inal\u00e1mbrico con conectividad Bluetooth\u00ae.  Compatible con PixScan\u2122.  Incluye:   Silhouette Cameo 5.  Juego de cables de alimentaci\u00f3n.  Tapete de corte.  Autoblade.  Herramienta de ajuste de cuchilla.  Alimentador de rollos.  Software Silhouette Studio\u00ae (descargar).  100 dise\u00f1os exclusivos (disponibles con registro).  Suscripci\u00f3n de 1 mes a Silhouette Design Store (disponible con registro).\" \/>\n<meta property=\"og:url\" content=\"https:\/\/imaginascrap.com.mx\/tienda\/producto\/cameo-5\/\" \/>\n<meta property=\"og:site_name\" content=\"Imaginascrap\" \/>\n<meta property=\"article:publisher\" content=\"https:\/\/www.facebook.com\/Imagina-Scrap-1644834815792761\/\" \/>\n<meta property=\"article:modified_time\" content=\"2026-02-19T00:36:48+00:00\" \/>\n<meta property=\"og:image\" content=\"https:\/\/imaginascrap.com.mx\/tienda\/wp-content\/uploads\/2023\/12\/cameo-5.jpg\" \/>\n\t<meta property=\"og:image:width\" content=\"800\" \/>\n\t<meta property=\"og:image:height\" content=\"600\" \/>\n\t<meta property=\"og:image:type\" content=\"image\/jpeg\" \/>\n<meta name=\"twitter:card\" content=\"summary_large_image\" \/>\n<meta name=\"twitter:label1\" content=\"Tiempo de lectura\" \/>\n\t<meta name=\"twitter:data1\" content=\"1 minuto\" \/>\n<script type=\"application\/ld+json\" class=\"yoast-schema-graph\">{\"@context\":\"https:\\\/\\\/schema.org\",\"@graph\":[{\"@type\":\"WebPage\",\"@id\":\"https:\\\/\\\/imaginascrap.com.mx\\\/tienda\\\/producto\\\/cameo-5\\\/\",\"url\":\"https:\\\/\\\/imaginascrap.com.mx\\\/tienda\\\/producto\\\/cameo-5\\\/\",\"name\":\"Cameo 5 - Imaginascrap\",\"isPartOf\":{\"@id\":\"https:\\\/\\\/imaginascrap.com.mx\\\/tienda\\\/#website\"},\"primaryImageOfPage\":{\"@id\":\"https:\\\/\\\/imaginascrap.com.mx\\\/tienda\\\/producto\\\/cameo-5\\\/#primaryimage\"},\"image\":{\"@id\":\"https:\\\/\\\/imaginascrap.com.mx\\\/tienda\\\/producto\\\/cameo-5\\\/#primaryimage\"},\"thumbnailUrl\":\"https:\\\/\\\/imaginascrap.com.mx\\\/tienda\\\/wp-content\\\/uploads\\\/2023\\\/12\\\/cameo-5.jpg\",\"datePublished\":\"2023-12-21T00:02:43+00:00\",\"dateModified\":\"2026-02-19T00:36:48+00:00\",\"breadcrumb\":{\"@id\":\"https:\\\/\\\/imaginascrap.com.mx\\\/tienda\\\/producto\\\/cameo-5\\\/#breadcrumb\"},\"inLanguage\":\"es\",\"potentialAction\":[{\"@type\":\"ReadAction\",\"target\":[\"https:\\\/\\\/imaginascrap.com.mx\\\/tienda\\\/producto\\\/cameo-5\\\/\"]}]},{\"@type\":\"ImageObject\",\"inLanguage\":\"es\",\"@id\":\"https:\\\/\\\/imaginascrap.com.mx\\\/tienda\\\/producto\\\/cameo-5\\\/#primaryimage\",\"url\":\"https:\\\/\\\/imaginascrap.com.mx\\\/tienda\\\/wp-content\\\/uploads\\\/2023\\\/12\\\/cameo-5.jpg\",\"contentUrl\":\"https:\\\/\\\/imaginascrap.com.mx\\\/tienda\\\/wp-content\\\/uploads\\\/2023\\\/12\\\/cameo-5.jpg\",\"width\":800,\"height\":600},{\"@type\":\"BreadcrumbList\",\"@id\":\"https:\\\/\\\/imaginascrap.com.mx\\\/tienda\\\/producto\\\/cameo-5\\\/#breadcrumb\",\"itemListElement\":[{\"@type\":\"ListItem\",\"position\":1,\"name\":\"Portada\",\"item\":\"https:\\\/\\\/imaginascrap.com.mx\\\/tienda\\\/\"},{\"@type\":\"ListItem\",\"position\":2,\"name\":\"Tienda\",\"item\":\"https:\\\/\\\/imaginascrap.com.mx\\\/tienda\\\/tienda\\\/\"},{\"@type\":\"ListItem\",\"position\":3,\"name\":\"Cameo 5\"}]},{\"@type\":\"WebSite\",\"@id\":\"https:\\\/\\\/imaginascrap.com.mx\\\/tienda\\\/#website\",\"url\":\"https:\\\/\\\/imaginascrap.com.mx\\\/tienda\\\/\",\"name\":\"Imaginascrap\",\"description\":\"Venta de herramientas y materiales para manualidades\",\"publisher\":{\"@id\":\"https:\\\/\\\/imaginascrap.com.mx\\\/tienda\\\/#organization\"},\"potentialAction\":[{\"@type\":\"SearchAction\",\"target\":{\"@type\":\"EntryPoint\",\"urlTemplate\":\"https:\\\/\\\/imaginascrap.com.mx\\\/tienda\\\/?s={search_term_string}\"},\"query-input\":{\"@type\":\"PropertyValueSpecification\",\"valueRequired\":true,\"valueName\":\"search_term_string\"}}],\"inLanguage\":\"es\"},{\"@type\":\"Organization\",\"@id\":\"https:\\\/\\\/imaginascrap.com.mx\\\/tienda\\\/#organization\",\"name\":\"Imagina Scrap S.A de C.V.\",\"url\":\"https:\\\/\\\/imaginascrap.com.mx\\\/tienda\\\/\",\"logo\":{\"@type\":\"ImageObject\",\"inLanguage\":\"es\",\"@id\":\"https:\\\/\\\/imaginascrap.com.mx\\\/tienda\\\/#\\\/schema\\\/logo\\\/image\\\/\",\"url\":\"http:\\\/\\\/imaginascrap.com.mx\\\/tienda\\\/wp-content\\\/uploads\\\/2017\\\/06\\\/logo_Imagina-Scrap_ch.png\",\"contentUrl\":\"http:\\\/\\\/imaginascrap.com.mx\\\/tienda\\\/wp-content\\\/uploads\\\/2017\\\/06\\\/logo_Imagina-Scrap_ch.png\",\"width\":250,\"height\":250,\"caption\":\"Imagina Scrap S.A de C.V.\"},\"image\":{\"@id\":\"https:\\\/\\\/imaginascrap.com.mx\\\/tienda\\\/#\\\/schema\\\/logo\\\/image\\\/\"},\"sameAs\":[\"https:\\\/\\\/www.facebook.com\\\/Imagina-Scrap-1644834815792761\\\/\"]}]}<\/script>\n<!-- \/ Yoast SEO plugin. -->","yoast_head_json":{"title":"Cameo 5 - Imaginascrap","robots":{"index":"index","follow":"follow","max-snippet":"max-snippet:-1","max-image-preview":"max-image-preview:large","max-video-preview":"max-video-preview:-1"},"canonical":"https:\/\/imaginascrap.com.mx\/tienda\/producto\/cameo-5\/","og_locale":"es_ES","og_type":"article","og_title":"Cameo 5 - Imaginascrap","og_description":"El nuevo Plotter de Corte Silhouette Cameo 5 tiene una ingenier\u00eda totalmente nueva y actualizada, es la m\u00e1quina m\u00e1s r\u00e1pida, precisa y silenciosa de la gama Silhouette.  Caracter\u00edsticas principales:   Capacidad de herramientas el\u00e9ctricas.  Corte transversal autom\u00e1tico con AutoBlade.  Nuevo accesorio de alimentaci\u00f3n de rollo reforzado (acoplable).  Operaci\u00f3n m\u00e1s silenciosa.  Alfombra electrost\u00e1tica (accesorio complementario opcional).  Rodillos de presi\u00f3n ajustables con fuerza de agarre mejorada y capacidad para personalizar la posici\u00f3n.  Lectura de marcas de registro mejorada para trabajos de Impresi\u00f3n y Corte.  Arquitectura de tapa de apertura suave.  Ancho de corte completo de 12 pulgadas.  Corta hasta 16 pies de largo.  Capacidades de corte sin tapete.  Grosor de corte de 3 mm para materiales m\u00e1s gruesos.  Detecci\u00f3n autom\u00e1tica de herramientas.  Corte inal\u00e1mbrico con conectividad Bluetooth\u00ae.  Compatible con PixScan\u2122.  Incluye:   Silhouette Cameo 5.  Juego de cables de alimentaci\u00f3n.  Tapete de corte.  Autoblade.  Herramienta de ajuste de cuchilla.  Alimentador de rollos.  Software Silhouette Studio\u00ae (descargar).  100 dise\u00f1os exclusivos (disponibles con registro).  Suscripci\u00f3n de 1 mes a Silhouette Design Store (disponible con registro).","og_url":"https:\/\/imaginascrap.com.mx\/tienda\/producto\/cameo-5\/","og_site_name":"Imaginascrap","article_publisher":"https:\/\/www.facebook.com\/Imagina-Scrap-1644834815792761\/","article_modified_time":"2026-02-19T00:36:48+00:00","og_image":[{"width":800,"height":600,"url":"https:\/\/imaginascrap.com.mx\/tienda\/wp-content\/uploads\/2023\/12\/cameo-5.jpg","type":"image\/jpeg"}],"twitter_card":"summary_large_image","twitter_misc":{"Tiempo de lectura":"1 minuto"},"schema":{"@context":"https:\/\/schema.org","@graph":[{"@type":"WebPage","@id":"https:\/\/imaginascrap.com.mx\/tienda\/producto\/cameo-5\/","url":"https:\/\/imaginascrap.com.mx\/tienda\/producto\/cameo-5\/","name":"Cameo 5 - Imaginascrap","isPartOf":{"@id":"https:\/\/imaginascrap.com.mx\/tienda\/#website"},"primaryImageOfPage":{"@id":"https:\/\/imaginascrap.com.mx\/tienda\/producto\/cameo-5\/#primaryimage"},"image":{"@id":"https:\/\/imaginascrap.com.mx\/tienda\/producto\/cameo-5\/#primaryimage"},"thumbnailUrl":"https:\/\/imaginascrap.com.mx\/tienda\/wp-content\/uploads\/2023\/12\/cameo-5.jpg","datePublished":"2023-12-21T00:02:43+00:00","dateModified":"2026-02-19T00:36:48+00:00","breadcrumb":{"@id":"https:\/\/imaginascrap.com.mx\/tienda\/producto\/cameo-5\/#breadcrumb"},"inLanguage":"es","potentialAction":[{"@type":"ReadAction","target":["https:\/\/imaginascrap.com.mx\/tienda\/producto\/cameo-5\/"]}]},{"@type":"ImageObject","inLanguage":"es","@id":"https:\/\/imaginascrap.com.mx\/tienda\/producto\/cameo-5\/#primaryimage","url":"https:\/\/imaginascrap.com.mx\/tienda\/wp-content\/uploads\/2023\/12\/cameo-5.jpg","contentUrl":"https:\/\/imaginascrap.com.mx\/tienda\/wp-content\/uploads\/2023\/12\/cameo-5.jpg","width":800,"height":600},{"@type":"BreadcrumbList","@id":"https:\/\/imaginascrap.com.mx\/tienda\/producto\/cameo-5\/#breadcrumb","itemListElement":[{"@type":"ListItem","position":1,"name":"Portada","item":"https:\/\/imaginascrap.com.mx\/tienda\/"},{"@type":"ListItem","position":2,"name":"Tienda","item":"https:\/\/imaginascrap.com.mx\/tienda\/tienda\/"},{"@type":"ListItem","position":3,"name":"Cameo 5"}]},{"@type":"WebSite","@id":"https:\/\/imaginascrap.com.mx\/tienda\/#website","url":"https:\/\/imaginascrap.com.mx\/tienda\/","name":"Imaginascrap","description":"Venta de herramientas y materiales para manualidades","publisher":{"@id":"https:\/\/imaginascrap.com.mx\/tienda\/#organization"},"potentialAction":[{"@type":"SearchAction","target":{"@type":"EntryPoint","urlTemplate":"https:\/\/imaginascrap.com.mx\/tienda\/?s={search_term_string}"},"query-input":{"@type":"PropertyValueSpecification","valueRequired":true,"valueName":"search_term_string"}}],"inLanguage":"es"},{"@type":"Organization","@id":"https:\/\/imaginascrap.com.mx\/tienda\/#organization","name":"Imagina Scrap S.A de C.V.","url":"https:\/\/imaginascrap.com.mx\/tienda\/","logo":{"@type":"ImageObject","inLanguage":"es","@id":"https:\/\/imaginascrap.com.mx\/tienda\/#\/schema\/logo\/image\/","url":"http:\/\/imaginascrap.com.mx\/tienda\/wp-content\/uploads\/2017\/06\/logo_Imagina-Scrap_ch.png","contentUrl":"http:\/\/imaginascrap.com.mx\/tienda\/wp-content\/uploads\/2017\/06\/logo_Imagina-Scrap_ch.png","width":250,"height":250,"caption":"Imagina Scrap S.A de C.V."},"image":{"@id":"https:\/\/imaginascrap.com.mx\/tienda\/#\/schema\/logo\/image\/"},"sameAs":["https:\/\/www.facebook.com\/Imagina-Scrap-1644834815792761\/"]}]}},"_links":{"self":[{"href":"https:\/\/imaginascrap.com.mx\/tienda\/wp-json\/wp\/v2\/product\/12248","targetHints":{"allow":["GET"]}}],"collection":[{"href":"https:\/\/imaginascrap.com.mx\/tienda\/wp-json\/wp\/v2\/product"}],"about":[{"href":"https:\/\/imaginascrap.com.mx\/tienda\/wp-json\/wp\/v2\/types\/product"}],"replies":[{"embeddable":true,"href":"https:\/\/imaginascrap.com.mx\/tienda\/wp-json\/wp\/v2\/comments?post=12248"}],"wp:featuredmedia":[{"embeddable":true,"href":"https:\/\/imaginascrap.com.mx\/tienda\/wp-json\/wp\/v2\/media\/12249"}],"wp:attachment":[{"href":"https:\/\/imaginascrap.com.mx\/tienda\/wp-json\/wp\/v2\/media?parent=12248"}],"wp:term":[{"taxonomy":"product_brand","embeddable":true,"href":"https:\/\/imaginascrap.com.mx\/tienda\/wp-json\/wp\/v2\/product_brand?post=12248"},{"taxonomy":"product_cat","embeddable":true,"href":"https:\/\/imaginascrap.com.mx\/tienda\/wp-json\/wp\/v2\/product_cat?post=12248"},{"taxonomy":"product_tag","embeddable":true,"href":"https:\/\/imaginascrap.com.mx\/tienda\/wp-json\/wp\/v2\/product_tag?post=12248"}],"curies":[{"name":"wp","href":"https:\/\/api.w.org\/{rel}","templated":true}]}}