{"id":12424,"date":"2024-08-20T14:51:40","date_gmt":"2024-08-20T20:51:40","guid":{"rendered":"https:\/\/imaginascrap.com.mx\/tienda\/?post_type=product&#038;p=12424"},"modified":"2025-05-29T16:18:02","modified_gmt":"2025-05-29T22:18:02","slug":"big-shot-plus","status":"publish","type":"product","link":"https:\/\/imaginascrap.com.mx\/tienda\/producto\/big-shot-plus\/","title":{"rendered":"Big Shot Plus"},"content":{"rendered":"","protected":false},"excerpt":{"rendered":"<div class=\"woocommerce-product-details__short-description\">\n<p>Con Big Shot Plus crea topo tipo de manualidades, cajas y bolsas para mesa de dulces y regalos, flores para decoraci\u00f3n de eventos, Scrapbooking, invitaciones, tarjetar\u00eda y mucho m\u00e1s<\/p>\n<div class=\"x11i5rnm xat24cr x1mh8g0r x1vvkbs xtlvy1s x126k92a\">\n<div dir=\"auto\">Puedes troquelar materiales como papel, cartulina, cart\u00f3n, tela, fieltro, cuero, acetato, fomi, etc. Por ello, se convierten en una herramienta vers\u00e1til para todo tipo de manualidades.<\/div>\n<div dir=\"auto\"><\/div>\n<div dir=\"auto\">Con las carpetas de embossing crea texturas en relieve sobre papel y cartulina.<\/div>\n<\/div>\n<p>Incluye:<\/p>\n<ul>\n<li>1 m\u00e1quina Big Shot Plus.<\/li>\n<li>1 plataforma.<\/li>\n<li>1 adaptador A.<\/li>\n<li>1 adaptador B.<\/li>\n<li>1 par de bases de corte.<\/li>\n<\/ul>\n<\/div>\n","protected":false},"featured_media":12425,"comment_status":"open","ping_status":"closed","template":"","meta":[],"product_brand":[],"product_cat":[115,142],"product_tag":[],"class_list":{"0":"post-12424","1":"product","2":"type-product","3":"status-publish","4":"has-post-thumbnail","6":"product_cat-maquinas","7":"product_cat-sizzix","8":"clearfix","10":"first","11":"outofstock","12":"taxable","13":"shipping-taxable","14":"purchasable","15":"product-type-simple"},"yoast_head":"<!-- This site is optimized with the Yoast SEO plugin v27.6 - https:\/\/yoast.com\/product\/yoast-seo-wordpress\/ -->\n<title>Big Shot Plus - Imaginascrap<\/title>\n<meta name=\"robots\" content=\"index, follow, max-snippet:-1, max-image-preview:large, max-video-preview:-1\" \/>\n<link rel=\"canonical\" href=\"https:\/\/imaginascrap.com.mx\/tienda\/producto\/big-shot-plus\/\" \/>\n<meta property=\"og:locale\" content=\"es_ES\" \/>\n<meta property=\"og:type\" content=\"article\" \/>\n<meta property=\"og:title\" content=\"Big Shot Plus - Imaginascrap\" \/>\n<meta property=\"og:description\" content=\"Con Big Shot Plus crea topo tipo de manualidades, cajas y bolsas para mesa de dulces y regalos, flores para decoraci\u00f3n de eventos, Scrapbooking, invitaciones, tarjetar\u00eda y mucho m\u00e1s  Puedes troquelar materiales como papel, cartulina, cart\u00f3n, tela, fieltro, cuero, acetato, fomi, etc. Por ello, se convierten en una herramienta vers\u00e1til para todo tipo de manualidades.  Con las carpetas de embossing crea texturas en relieve sobre papel y cartulina.  Incluye:   1 m\u00e1quina Big Shot Plus.  1 plataforma.  1 adaptador A.  1 adaptador B.  1 par de bases de corte.\" \/>\n<meta property=\"og:url\" content=\"https:\/\/imaginascrap.com.mx\/tienda\/producto\/big-shot-plus\/\" \/>\n<meta property=\"og:site_name\" content=\"Imaginascrap\" \/>\n<meta property=\"article:publisher\" content=\"https:\/\/www.facebook.com\/Imagina-Scrap-1644834815792761\/\" \/>\n<meta property=\"article:modified_time\" content=\"2025-05-29T22:18:02+00:00\" \/>\n<meta property=\"og:image\" content=\"https:\/\/imaginascrap.com.mx\/tienda\/wp-content\/uploads\/2024\/08\/660020.jpg\" \/>\n\t<meta property=\"og:image:width\" content=\"800\" \/>\n\t<meta property=\"og:image:height\" content=\"600\" \/>\n\t<meta property=\"og:image:type\" content=\"image\/jpeg\" \/>\n<meta name=\"twitter:card\" content=\"summary_large_image\" \/>\n<meta name=\"twitter:label1\" content=\"Tiempo de lectura\" \/>\n\t<meta name=\"twitter:data1\" content=\"1 minuto\" \/>\n<script type=\"application\/ld+json\" class=\"yoast-schema-graph\">{\"@context\":\"https:\\\/\\\/schema.org\",\"@graph\":[{\"@type\":\"WebPage\",\"@id\":\"https:\\\/\\\/imaginascrap.com.mx\\\/tienda\\\/producto\\\/big-shot-plus\\\/\",\"url\":\"https:\\\/\\\/imaginascrap.com.mx\\\/tienda\\\/producto\\\/big-shot-plus\\\/\",\"name\":\"Big Shot Plus - Imaginascrap\",\"isPartOf\":{\"@id\":\"https:\\\/\\\/imaginascrap.com.mx\\\/tienda\\\/#website\"},\"primaryImageOfPage\":{\"@id\":\"https:\\\/\\\/imaginascrap.com.mx\\\/tienda\\\/producto\\\/big-shot-plus\\\/#primaryimage\"},\"image\":{\"@id\":\"https:\\\/\\\/imaginascrap.com.mx\\\/tienda\\\/producto\\\/big-shot-plus\\\/#primaryimage\"},\"thumbnailUrl\":\"https:\\\/\\\/imaginascrap.com.mx\\\/tienda\\\/wp-content\\\/uploads\\\/2024\\\/08\\\/660020.jpg\",\"datePublished\":\"2024-08-20T20:51:40+00:00\",\"dateModified\":\"2025-05-29T22:18:02+00:00\",\"breadcrumb\":{\"@id\":\"https:\\\/\\\/imaginascrap.com.mx\\\/tienda\\\/producto\\\/big-shot-plus\\\/#breadcrumb\"},\"inLanguage\":\"es\",\"potentialAction\":[{\"@type\":\"ReadAction\",\"target\":[\"https:\\\/\\\/imaginascrap.com.mx\\\/tienda\\\/producto\\\/big-shot-plus\\\/\"]}]},{\"@type\":\"ImageObject\",\"inLanguage\":\"es\",\"@id\":\"https:\\\/\\\/imaginascrap.com.mx\\\/tienda\\\/producto\\\/big-shot-plus\\\/#primaryimage\",\"url\":\"https:\\\/\\\/imaginascrap.com.mx\\\/tienda\\\/wp-content\\\/uploads\\\/2024\\\/08\\\/660020.jpg\",\"contentUrl\":\"https:\\\/\\\/imaginascrap.com.mx\\\/tienda\\\/wp-content\\\/uploads\\\/2024\\\/08\\\/660020.jpg\",\"width\":800,\"height\":600},{\"@type\":\"BreadcrumbList\",\"@id\":\"https:\\\/\\\/imaginascrap.com.mx\\\/tienda\\\/producto\\\/big-shot-plus\\\/#breadcrumb\",\"itemListElement\":[{\"@type\":\"ListItem\",\"position\":1,\"name\":\"Portada\",\"item\":\"https:\\\/\\\/imaginascrap.com.mx\\\/tienda\\\/\"},{\"@type\":\"ListItem\",\"position\":2,\"name\":\"Tienda\",\"item\":\"https:\\\/\\\/imaginascrap.com.mx\\\/tienda\\\/tienda\\\/\"},{\"@type\":\"ListItem\",\"position\":3,\"name\":\"Big Shot Plus\"}]},{\"@type\":\"WebSite\",\"@id\":\"https:\\\/\\\/imaginascrap.com.mx\\\/tienda\\\/#website\",\"url\":\"https:\\\/\\\/imaginascrap.com.mx\\\/tienda\\\/\",\"name\":\"Imaginascrap\",\"description\":\"Venta de herramientas y materiales para manualidades\",\"publisher\":{\"@id\":\"https:\\\/\\\/imaginascrap.com.mx\\\/tienda\\\/#organization\"},\"potentialAction\":[{\"@type\":\"SearchAction\",\"target\":{\"@type\":\"EntryPoint\",\"urlTemplate\":\"https:\\\/\\\/imaginascrap.com.mx\\\/tienda\\\/?s={search_term_string}\"},\"query-input\":{\"@type\":\"PropertyValueSpecification\",\"valueRequired\":true,\"valueName\":\"search_term_string\"}}],\"inLanguage\":\"es\"},{\"@type\":\"Organization\",\"@id\":\"https:\\\/\\\/imaginascrap.com.mx\\\/tienda\\\/#organization\",\"name\":\"Imagina Scrap S.A de C.V.\",\"url\":\"https:\\\/\\\/imaginascrap.com.mx\\\/tienda\\\/\",\"logo\":{\"@type\":\"ImageObject\",\"inLanguage\":\"es\",\"@id\":\"https:\\\/\\\/imaginascrap.com.mx\\\/tienda\\\/#\\\/schema\\\/logo\\\/image\\\/\",\"url\":\"http:\\\/\\\/imaginascrap.com.mx\\\/tienda\\\/wp-content\\\/uploads\\\/2017\\\/06\\\/logo_Imagina-Scrap_ch.png\",\"contentUrl\":\"http:\\\/\\\/imaginascrap.com.mx\\\/tienda\\\/wp-content\\\/uploads\\\/2017\\\/06\\\/logo_Imagina-Scrap_ch.png\",\"width\":250,\"height\":250,\"caption\":\"Imagina Scrap S.A de C.V.\"},\"image\":{\"@id\":\"https:\\\/\\\/imaginascrap.com.mx\\\/tienda\\\/#\\\/schema\\\/logo\\\/image\\\/\"},\"sameAs\":[\"https:\\\/\\\/www.facebook.com\\\/Imagina-Scrap-1644834815792761\\\/\"]}]}<\/script>\n<!-- \/ Yoast SEO plugin. -->","yoast_head_json":{"title":"Big Shot Plus - Imaginascrap","robots":{"index":"index","follow":"follow","max-snippet":"max-snippet:-1","max-image-preview":"max-image-preview:large","max-video-preview":"max-video-preview:-1"},"canonical":"https:\/\/imaginascrap.com.mx\/tienda\/producto\/big-shot-plus\/","og_locale":"es_ES","og_type":"article","og_title":"Big Shot Plus - Imaginascrap","og_description":"Con Big Shot Plus crea topo tipo de manualidades, cajas y bolsas para mesa de dulces y regalos, flores para decoraci\u00f3n de eventos, Scrapbooking, invitaciones, tarjetar\u00eda y mucho m\u00e1s  Puedes troquelar materiales como papel, cartulina, cart\u00f3n, tela, fieltro, cuero, acetato, fomi, etc. Por ello, se convierten en una herramienta vers\u00e1til para todo tipo de manualidades.  Con las carpetas de embossing crea texturas en relieve sobre papel y cartulina.  Incluye:   1 m\u00e1quina Big Shot Plus.  1 plataforma.  1 adaptador A.  1 adaptador B.  1 par de bases de corte.","og_url":"https:\/\/imaginascrap.com.mx\/tienda\/producto\/big-shot-plus\/","og_site_name":"Imaginascrap","article_publisher":"https:\/\/www.facebook.com\/Imagina-Scrap-1644834815792761\/","article_modified_time":"2025-05-29T22:18:02+00:00","og_image":[{"width":800,"height":600,"url":"https:\/\/imaginascrap.com.mx\/tienda\/wp-content\/uploads\/2024\/08\/660020.jpg","type":"image\/jpeg"}],"twitter_card":"summary_large_image","twitter_misc":{"Tiempo de lectura":"1 minuto"},"schema":{"@context":"https:\/\/schema.org","@graph":[{"@type":"WebPage","@id":"https:\/\/imaginascrap.com.mx\/tienda\/producto\/big-shot-plus\/","url":"https:\/\/imaginascrap.com.mx\/tienda\/producto\/big-shot-plus\/","name":"Big Shot Plus - Imaginascrap","isPartOf":{"@id":"https:\/\/imaginascrap.com.mx\/tienda\/#website"},"primaryImageOfPage":{"@id":"https:\/\/imaginascrap.com.mx\/tienda\/producto\/big-shot-plus\/#primaryimage"},"image":{"@id":"https:\/\/imaginascrap.com.mx\/tienda\/producto\/big-shot-plus\/#primaryimage"},"thumbnailUrl":"https:\/\/imaginascrap.com.mx\/tienda\/wp-content\/uploads\/2024\/08\/660020.jpg","datePublished":"2024-08-20T20:51:40+00:00","dateModified":"2025-05-29T22:18:02+00:00","breadcrumb":{"@id":"https:\/\/imaginascrap.com.mx\/tienda\/producto\/big-shot-plus\/#breadcrumb"},"inLanguage":"es","potentialAction":[{"@type":"ReadAction","target":["https:\/\/imaginascrap.com.mx\/tienda\/producto\/big-shot-plus\/"]}]},{"@type":"ImageObject","inLanguage":"es","@id":"https:\/\/imaginascrap.com.mx\/tienda\/producto\/big-shot-plus\/#primaryimage","url":"https:\/\/imaginascrap.com.mx\/tienda\/wp-content\/uploads\/2024\/08\/660020.jpg","contentUrl":"https:\/\/imaginascrap.com.mx\/tienda\/wp-content\/uploads\/2024\/08\/660020.jpg","width":800,"height":600},{"@type":"BreadcrumbList","@id":"https:\/\/imaginascrap.com.mx\/tienda\/producto\/big-shot-plus\/#breadcrumb","itemListElement":[{"@type":"ListItem","position":1,"name":"Portada","item":"https:\/\/imaginascrap.com.mx\/tienda\/"},{"@type":"ListItem","position":2,"name":"Tienda","item":"https:\/\/imaginascrap.com.mx\/tienda\/tienda\/"},{"@type":"ListItem","position":3,"name":"Big Shot Plus"}]},{"@type":"WebSite","@id":"https:\/\/imaginascrap.com.mx\/tienda\/#website","url":"https:\/\/imaginascrap.com.mx\/tienda\/","name":"Imaginascrap","description":"Venta de herramientas y materiales para manualidades","publisher":{"@id":"https:\/\/imaginascrap.com.mx\/tienda\/#organization"},"potentialAction":[{"@type":"SearchAction","target":{"@type":"EntryPoint","urlTemplate":"https:\/\/imaginascrap.com.mx\/tienda\/?s={search_term_string}"},"query-input":{"@type":"PropertyValueSpecification","valueRequired":true,"valueName":"search_term_string"}}],"inLanguage":"es"},{"@type":"Organization","@id":"https:\/\/imaginascrap.com.mx\/tienda\/#organization","name":"Imagina Scrap S.A de C.V.","url":"https:\/\/imaginascrap.com.mx\/tienda\/","logo":{"@type":"ImageObject","inLanguage":"es","@id":"https:\/\/imaginascrap.com.mx\/tienda\/#\/schema\/logo\/image\/","url":"http:\/\/imaginascrap.com.mx\/tienda\/wp-content\/uploads\/2017\/06\/logo_Imagina-Scrap_ch.png","contentUrl":"http:\/\/imaginascrap.com.mx\/tienda\/wp-content\/uploads\/2017\/06\/logo_Imagina-Scrap_ch.png","width":250,"height":250,"caption":"Imagina Scrap S.A de C.V."},"image":{"@id":"https:\/\/imaginascrap.com.mx\/tienda\/#\/schema\/logo\/image\/"},"sameAs":["https:\/\/www.facebook.com\/Imagina-Scrap-1644834815792761\/"]}]}},"_links":{"self":[{"href":"https:\/\/imaginascrap.com.mx\/tienda\/wp-json\/wp\/v2\/product\/12424","targetHints":{"allow":["GET"]}}],"collection":[{"href":"https:\/\/imaginascrap.com.mx\/tienda\/wp-json\/wp\/v2\/product"}],"about":[{"href":"https:\/\/imaginascrap.com.mx\/tienda\/wp-json\/wp\/v2\/types\/product"}],"replies":[{"embeddable":true,"href":"https:\/\/imaginascrap.com.mx\/tienda\/wp-json\/wp\/v2\/comments?post=12424"}],"wp:featuredmedia":[{"embeddable":true,"href":"https:\/\/imaginascrap.com.mx\/tienda\/wp-json\/wp\/v2\/media\/12425"}],"wp:attachment":[{"href":"https:\/\/imaginascrap.com.mx\/tienda\/wp-json\/wp\/v2\/media?parent=12424"}],"wp:term":[{"taxonomy":"product_brand","embeddable":true,"href":"https:\/\/imaginascrap.com.mx\/tienda\/wp-json\/wp\/v2\/product_brand?post=12424"},{"taxonomy":"product_cat","embeddable":true,"href":"https:\/\/imaginascrap.com.mx\/tienda\/wp-json\/wp\/v2\/product_cat?post=12424"},{"taxonomy":"product_tag","embeddable":true,"href":"https:\/\/imaginascrap.com.mx\/tienda\/wp-json\/wp\/v2\/product_tag?post=12424"}],"curies":[{"name":"wp","href":"https:\/\/api.w.org\/{rel}","templated":true}]}}