{"id":12785,"date":"2025-02-27T19:43:01","date_gmt":"2025-02-28T01:43:01","guid":{"rendered":"https:\/\/imaginascrap.com.mx\/tienda\/?post_type=product&#038;p=12785"},"modified":"2026-01-07T14:22:08","modified_gmt":"2026-01-07T20:22:08","slug":"typeset-stamp-punch","status":"publish","type":"product","link":"https:\/\/imaginascrap.com.mx\/tienda\/producto\/typeset-stamp-punch\/","title":{"rendered":"Typeset Stamp Punch"},"content":{"rendered":"","protected":false},"excerpt":{"rendered":"<p>A\u00f1ade un toque personalizado a tus proyectos de manualidades con nuestro vers\u00e1til punz\u00f3n tipogr\u00e1fico.<\/p>\n<p>Esta herramienta compacta y port\u00e1til te permite crear sellos personalizados con hasta dos l\u00edneas de texto, perfecta para agregar nombres, fechas o mensajes especiales a una amplia gama de materiales.<\/p>\n<p>Ya sea que est\u00e9s dise\u00f1ando invitaciones, decorando regalos o trabajando en un proyecto creativo, esta herramienta de sellos autoentintado hace que sea f\u00e1cil hacer realidad tus ideas.<\/p>\n<p>Typeset Stamp Punch viene con todo lo que necesitas para comenzar, incluidos dos juegos completos de letras, pinzas para cambiar letras f\u00e1cilmente, una recarga de tinta y una almohadilla de tinta.<\/p>\n<p>Su dise\u00f1o f\u00e1cil de usar garantiza que puedas personalizar tus sellos de manera r\u00e1pida y eficiente, lo que lo convierte en una herramienta imprescindible para los artesanos de todos los niveles.<\/p>\n<p>Lo suficientemente compacto como para llevarlo consigo, este punz\u00f3n para sellos es la herramienta perfecta para agregar un toque \u00fanico y personal a todos sus proyectos de manualidades.<\/p>\n","protected":false},"featured_media":12786,"comment_status":"open","ping_status":"closed","template":"","meta":[],"product_brand":[],"product_cat":[109],"product_tag":[],"class_list":{"0":"post-12785","1":"product","2":"type-product","3":"status-publish","4":"has-post-thumbnail","6":"product_cat-herramientas","7":"clearfix","9":"first","10":"instock","11":"sale","12":"featured","13":"taxable","14":"shipping-taxable","15":"purchasable","16":"product-type-simple"},"yoast_head":"<!-- This site is optimized with the Yoast SEO plugin v27.1.1 - https:\/\/yoast.com\/product\/yoast-seo-wordpress\/ -->\n<title>Typeset Stamp Punch - Imaginascrap<\/title>\n<meta name=\"robots\" content=\"index, follow, max-snippet:-1, max-image-preview:large, max-video-preview:-1\" \/>\n<link rel=\"canonical\" href=\"https:\/\/imaginascrap.com.mx\/tienda\/producto\/typeset-stamp-punch\/\" \/>\n<meta property=\"og:locale\" content=\"es_ES\" \/>\n<meta property=\"og:type\" content=\"article\" \/>\n<meta property=\"og:title\" content=\"Typeset Stamp Punch - Imaginascrap\" \/>\n<meta property=\"og:description\" content=\"A\u00f1ade un toque personalizado a tus proyectos de manualidades con nuestro vers\u00e1til punz\u00f3n tipogr\u00e1fico.  Esta herramienta compacta y port\u00e1til te permite crear sellos personalizados con hasta dos l\u00edneas de texto, perfecta para agregar nombres, fechas o mensajes especiales a una amplia gama de materiales.  Ya sea que est\u00e9s dise\u00f1ando invitaciones, decorando regalos o trabajando en un proyecto creativo, esta herramienta de sellos autoentintado hace que sea f\u00e1cil hacer realidad tus ideas.  Typeset Stamp Punch viene con todo lo que necesitas para comenzar, incluidos dos juegos completos de letras, pinzas para cambiar letras f\u00e1cilmente, una recarga de tinta y una almohadilla de tinta.  Su dise\u00f1o f\u00e1cil de usar garantiza que puedas personalizar tus sellos de manera r\u00e1pida y eficiente, lo que lo convierte en una herramienta imprescindible para los artesanos de todos los niveles.  Lo suficientemente compacto como para llevarlo consigo, este punz\u00f3n para sellos es la herramienta perfecta para agregar un toque \u00fanico y personal a todos sus proyectos de manualidades.\" \/>\n<meta property=\"og:url\" content=\"https:\/\/imaginascrap.com.mx\/tienda\/producto\/typeset-stamp-punch\/\" \/>\n<meta property=\"og:site_name\" content=\"Imaginascrap\" \/>\n<meta property=\"article:publisher\" content=\"https:\/\/www.facebook.com\/Imagina-Scrap-1644834815792761\/\" \/>\n<meta property=\"article:modified_time\" content=\"2026-01-07T20:22:08+00:00\" \/>\n<meta property=\"og:image\" content=\"https:\/\/imaginascrap.com.mx\/tienda\/wp-content\/uploads\/2025\/02\/60000363.jpg\" \/>\n\t<meta property=\"og:image:width\" content=\"800\" \/>\n\t<meta property=\"og:image:height\" content=\"600\" \/>\n\t<meta property=\"og:image:type\" content=\"image\/jpeg\" \/>\n<meta name=\"twitter:card\" content=\"summary_large_image\" \/>\n<meta name=\"twitter:label1\" content=\"Tiempo de lectura\" \/>\n\t<meta name=\"twitter:data1\" content=\"1 minuto\" \/>\n<script type=\"application\/ld+json\" class=\"yoast-schema-graph\">{\"@context\":\"https:\/\/schema.org\",\"@graph\":[{\"@type\":\"WebPage\",\"@id\":\"https:\/\/imaginascrap.com.mx\/tienda\/producto\/typeset-stamp-punch\/\",\"url\":\"https:\/\/imaginascrap.com.mx\/tienda\/producto\/typeset-stamp-punch\/\",\"name\":\"Typeset Stamp Punch - Imaginascrap\",\"isPartOf\":{\"@id\":\"https:\/\/imaginascrap.com.mx\/tienda\/#website\"},\"primaryImageOfPage\":{\"@id\":\"https:\/\/imaginascrap.com.mx\/tienda\/producto\/typeset-stamp-punch\/#primaryimage\"},\"image\":{\"@id\":\"https:\/\/imaginascrap.com.mx\/tienda\/producto\/typeset-stamp-punch\/#primaryimage\"},\"thumbnailUrl\":\"https:\/\/imaginascrap.com.mx\/tienda\/wp-content\/uploads\/2025\/02\/60000363.jpg\",\"datePublished\":\"2025-02-28T01:43:01+00:00\",\"dateModified\":\"2026-01-07T20:22:08+00:00\",\"breadcrumb\":{\"@id\":\"https:\/\/imaginascrap.com.mx\/tienda\/producto\/typeset-stamp-punch\/#breadcrumb\"},\"inLanguage\":\"es\",\"potentialAction\":[{\"@type\":\"ReadAction\",\"target\":[\"https:\/\/imaginascrap.com.mx\/tienda\/producto\/typeset-stamp-punch\/\"]}]},{\"@type\":\"ImageObject\",\"inLanguage\":\"es\",\"@id\":\"https:\/\/imaginascrap.com.mx\/tienda\/producto\/typeset-stamp-punch\/#primaryimage\",\"url\":\"https:\/\/imaginascrap.com.mx\/tienda\/wp-content\/uploads\/2025\/02\/60000363.jpg\",\"contentUrl\":\"https:\/\/imaginascrap.com.mx\/tienda\/wp-content\/uploads\/2025\/02\/60000363.jpg\",\"width\":800,\"height\":600},{\"@type\":\"BreadcrumbList\",\"@id\":\"https:\/\/imaginascrap.com.mx\/tienda\/producto\/typeset-stamp-punch\/#breadcrumb\",\"itemListElement\":[{\"@type\":\"ListItem\",\"position\":1,\"name\":\"Portada\",\"item\":\"https:\/\/imaginascrap.com.mx\/tienda\/\"},{\"@type\":\"ListItem\",\"position\":2,\"name\":\"Tienda\",\"item\":\"https:\/\/imaginascrap.com.mx\/tienda\/tienda\/\"},{\"@type\":\"ListItem\",\"position\":3,\"name\":\"Typeset Stamp Punch\"}]},{\"@type\":\"WebSite\",\"@id\":\"https:\/\/imaginascrap.com.mx\/tienda\/#website\",\"url\":\"https:\/\/imaginascrap.com.mx\/tienda\/\",\"name\":\"Imaginascrap\",\"description\":\"Venta de herramientas y materiales para manualidades\",\"publisher\":{\"@id\":\"https:\/\/imaginascrap.com.mx\/tienda\/#organization\"},\"potentialAction\":[{\"@type\":\"SearchAction\",\"target\":{\"@type\":\"EntryPoint\",\"urlTemplate\":\"https:\/\/imaginascrap.com.mx\/tienda\/?s={search_term_string}\"},\"query-input\":{\"@type\":\"PropertyValueSpecification\",\"valueRequired\":true,\"valueName\":\"search_term_string\"}}],\"inLanguage\":\"es\"},{\"@type\":\"Organization\",\"@id\":\"https:\/\/imaginascrap.com.mx\/tienda\/#organization\",\"name\":\"Imagina Scrap S.A de C.V.\",\"url\":\"https:\/\/imaginascrap.com.mx\/tienda\/\",\"logo\":{\"@type\":\"ImageObject\",\"inLanguage\":\"es\",\"@id\":\"https:\/\/imaginascrap.com.mx\/tienda\/#\/schema\/logo\/image\/\",\"url\":\"http:\/\/imaginascrap.com.mx\/tienda\/wp-content\/uploads\/2017\/06\/logo_Imagina-Scrap_ch.png\",\"contentUrl\":\"http:\/\/imaginascrap.com.mx\/tienda\/wp-content\/uploads\/2017\/06\/logo_Imagina-Scrap_ch.png\",\"width\":250,\"height\":250,\"caption\":\"Imagina Scrap S.A de C.V.\"},\"image\":{\"@id\":\"https:\/\/imaginascrap.com.mx\/tienda\/#\/schema\/logo\/image\/\"},\"sameAs\":[\"https:\/\/www.facebook.com\/Imagina-Scrap-1644834815792761\/\"]}]}<\/script>\n<!-- \/ Yoast SEO plugin. -->","yoast_head_json":{"title":"Typeset Stamp Punch - Imaginascrap","robots":{"index":"index","follow":"follow","max-snippet":"max-snippet:-1","max-image-preview":"max-image-preview:large","max-video-preview":"max-video-preview:-1"},"canonical":"https:\/\/imaginascrap.com.mx\/tienda\/producto\/typeset-stamp-punch\/","og_locale":"es_ES","og_type":"article","og_title":"Typeset Stamp Punch - Imaginascrap","og_description":"A\u00f1ade un toque personalizado a tus proyectos de manualidades con nuestro vers\u00e1til punz\u00f3n tipogr\u00e1fico.  Esta herramienta compacta y port\u00e1til te permite crear sellos personalizados con hasta dos l\u00edneas de texto, perfecta para agregar nombres, fechas o mensajes especiales a una amplia gama de materiales.  Ya sea que est\u00e9s dise\u00f1ando invitaciones, decorando regalos o trabajando en un proyecto creativo, esta herramienta de sellos autoentintado hace que sea f\u00e1cil hacer realidad tus ideas.  Typeset Stamp Punch viene con todo lo que necesitas para comenzar, incluidos dos juegos completos de letras, pinzas para cambiar letras f\u00e1cilmente, una recarga de tinta y una almohadilla de tinta.  Su dise\u00f1o f\u00e1cil de usar garantiza que puedas personalizar tus sellos de manera r\u00e1pida y eficiente, lo que lo convierte en una herramienta imprescindible para los artesanos de todos los niveles.  Lo suficientemente compacto como para llevarlo consigo, este punz\u00f3n para sellos es la herramienta perfecta para agregar un toque \u00fanico y personal a todos sus proyectos de manualidades.","og_url":"https:\/\/imaginascrap.com.mx\/tienda\/producto\/typeset-stamp-punch\/","og_site_name":"Imaginascrap","article_publisher":"https:\/\/www.facebook.com\/Imagina-Scrap-1644834815792761\/","article_modified_time":"2026-01-07T20:22:08+00:00","og_image":[{"width":800,"height":600,"url":"https:\/\/imaginascrap.com.mx\/tienda\/wp-content\/uploads\/2025\/02\/60000363.jpg","type":"image\/jpeg"}],"twitter_card":"summary_large_image","twitter_misc":{"Tiempo de lectura":"1 minuto"},"schema":{"@context":"https:\/\/schema.org","@graph":[{"@type":"WebPage","@id":"https:\/\/imaginascrap.com.mx\/tienda\/producto\/typeset-stamp-punch\/","url":"https:\/\/imaginascrap.com.mx\/tienda\/producto\/typeset-stamp-punch\/","name":"Typeset Stamp Punch - Imaginascrap","isPartOf":{"@id":"https:\/\/imaginascrap.com.mx\/tienda\/#website"},"primaryImageOfPage":{"@id":"https:\/\/imaginascrap.com.mx\/tienda\/producto\/typeset-stamp-punch\/#primaryimage"},"image":{"@id":"https:\/\/imaginascrap.com.mx\/tienda\/producto\/typeset-stamp-punch\/#primaryimage"},"thumbnailUrl":"https:\/\/imaginascrap.com.mx\/tienda\/wp-content\/uploads\/2025\/02\/60000363.jpg","datePublished":"2025-02-28T01:43:01+00:00","dateModified":"2026-01-07T20:22:08+00:00","breadcrumb":{"@id":"https:\/\/imaginascrap.com.mx\/tienda\/producto\/typeset-stamp-punch\/#breadcrumb"},"inLanguage":"es","potentialAction":[{"@type":"ReadAction","target":["https:\/\/imaginascrap.com.mx\/tienda\/producto\/typeset-stamp-punch\/"]}]},{"@type":"ImageObject","inLanguage":"es","@id":"https:\/\/imaginascrap.com.mx\/tienda\/producto\/typeset-stamp-punch\/#primaryimage","url":"https:\/\/imaginascrap.com.mx\/tienda\/wp-content\/uploads\/2025\/02\/60000363.jpg","contentUrl":"https:\/\/imaginascrap.com.mx\/tienda\/wp-content\/uploads\/2025\/02\/60000363.jpg","width":800,"height":600},{"@type":"BreadcrumbList","@id":"https:\/\/imaginascrap.com.mx\/tienda\/producto\/typeset-stamp-punch\/#breadcrumb","itemListElement":[{"@type":"ListItem","position":1,"name":"Portada","item":"https:\/\/imaginascrap.com.mx\/tienda\/"},{"@type":"ListItem","position":2,"name":"Tienda","item":"https:\/\/imaginascrap.com.mx\/tienda\/tienda\/"},{"@type":"ListItem","position":3,"name":"Typeset Stamp Punch"}]},{"@type":"WebSite","@id":"https:\/\/imaginascrap.com.mx\/tienda\/#website","url":"https:\/\/imaginascrap.com.mx\/tienda\/","name":"Imaginascrap","description":"Venta de herramientas y materiales para manualidades","publisher":{"@id":"https:\/\/imaginascrap.com.mx\/tienda\/#organization"},"potentialAction":[{"@type":"SearchAction","target":{"@type":"EntryPoint","urlTemplate":"https:\/\/imaginascrap.com.mx\/tienda\/?s={search_term_string}"},"query-input":{"@type":"PropertyValueSpecification","valueRequired":true,"valueName":"search_term_string"}}],"inLanguage":"es"},{"@type":"Organization","@id":"https:\/\/imaginascrap.com.mx\/tienda\/#organization","name":"Imagina Scrap S.A de C.V.","url":"https:\/\/imaginascrap.com.mx\/tienda\/","logo":{"@type":"ImageObject","inLanguage":"es","@id":"https:\/\/imaginascrap.com.mx\/tienda\/#\/schema\/logo\/image\/","url":"http:\/\/imaginascrap.com.mx\/tienda\/wp-content\/uploads\/2017\/06\/logo_Imagina-Scrap_ch.png","contentUrl":"http:\/\/imaginascrap.com.mx\/tienda\/wp-content\/uploads\/2017\/06\/logo_Imagina-Scrap_ch.png","width":250,"height":250,"caption":"Imagina Scrap S.A de C.V."},"image":{"@id":"https:\/\/imaginascrap.com.mx\/tienda\/#\/schema\/logo\/image\/"},"sameAs":["https:\/\/www.facebook.com\/Imagina-Scrap-1644834815792761\/"]}]}},"_links":{"self":[{"href":"https:\/\/imaginascrap.com.mx\/tienda\/wp-json\/wp\/v2\/product\/12785","targetHints":{"allow":["GET"]}}],"collection":[{"href":"https:\/\/imaginascrap.com.mx\/tienda\/wp-json\/wp\/v2\/product"}],"about":[{"href":"https:\/\/imaginascrap.com.mx\/tienda\/wp-json\/wp\/v2\/types\/product"}],"replies":[{"embeddable":true,"href":"https:\/\/imaginascrap.com.mx\/tienda\/wp-json\/wp\/v2\/comments?post=12785"}],"wp:featuredmedia":[{"embeddable":true,"href":"https:\/\/imaginascrap.com.mx\/tienda\/wp-json\/wp\/v2\/media\/12786"}],"wp:attachment":[{"href":"https:\/\/imaginascrap.com.mx\/tienda\/wp-json\/wp\/v2\/media?parent=12785"}],"wp:term":[{"taxonomy":"product_brand","embeddable":true,"href":"https:\/\/imaginascrap.com.mx\/tienda\/wp-json\/wp\/v2\/product_brand?post=12785"},{"taxonomy":"product_cat","embeddable":true,"href":"https:\/\/imaginascrap.com.mx\/tienda\/wp-json\/wp\/v2\/product_cat?post=12785"},{"taxonomy":"product_tag","embeddable":true,"href":"https:\/\/imaginascrap.com.mx\/tienda\/wp-json\/wp\/v2\/product_tag?post=12785"}],"curies":[{"name":"wp","href":"https:\/\/api.w.org\/{rel}","templated":true}]}}