{"id":12831,"date":"2025-04-07T15:26:15","date_gmt":"2025-04-07T21:26:15","guid":{"rendered":"https:\/\/imaginascrap.com.mx\/tienda\/?post_type=product&#038;p=12831"},"modified":"2026-01-08T15:18:08","modified_gmt":"2026-01-08T21:18:08","slug":"caja-pop-up-cumpleanos","status":"publish","type":"product","link":"https:\/\/imaginascrap.com.mx\/tienda\/producto\/caja-pop-up-cumpleanos\/","title":{"rendered":"Caja Pop-Up Cumplea\u00f1os"},"content":{"rendered":"","protected":false},"excerpt":{"rendered":"<p>Archivo de corte Caja Pop-Up Cumplea\u00f1os<\/p>\n<p>Medidas de la caja: 15 x 15 x 5 cm<\/p>\n<p>Incluye:<\/p>\n<p>\u2714 Archivo SVG: para Cricut o Brother<br \/>\n\u2714 Archivo Studio: para Silhouette Cameo<br \/>\n\u2714 Video de armado<\/p>\n<p>Los archivos se enviar\u00e1n por correo electr\u00f3nico una vez que se confirme el pago.<\/p>\n<p>Este es un art\u00edculo digital. NO SE ENVIAR\u00c1 NING\u00daN ART\u00cdCULO F\u00cdSICO. No incluye archivos para impresi\u00f3n.<\/p>\n<p>No se admiten cambios, devoluciones ni cancelaciones del producto digital.<\/p>\n<p>Queda PROHIBIDA la venta o distribuci\u00f3n de este producto digital.<\/p>\n","protected":false},"featured_media":13044,"comment_status":"open","ping_status":"closed","template":"","meta":[],"product_brand":[],"product_cat":[163],"product_tag":[],"class_list":{"0":"post-12831","1":"product","2":"type-product","3":"status-publish","4":"has-post-thumbnail","6":"product_cat-plantillas","7":"clearfix","9":"first","10":"instock","11":"virtual","12":"taxable","13":"purchasable","14":"product-type-simple"},"yoast_head":"<!-- This site is optimized with the Yoast SEO plugin v27.1.1 - https:\/\/yoast.com\/product\/yoast-seo-wordpress\/ -->\n<title>Caja Pop-Up Cumplea\u00f1os - Imaginascrap<\/title>\n<meta name=\"robots\" content=\"index, follow, max-snippet:-1, max-image-preview:large, max-video-preview:-1\" \/>\n<link rel=\"canonical\" href=\"https:\/\/imaginascrap.com.mx\/tienda\/producto\/caja-pop-up-cumpleanos\/\" \/>\n<meta property=\"og:locale\" content=\"es_ES\" \/>\n<meta property=\"og:type\" content=\"article\" \/>\n<meta property=\"og:title\" content=\"Caja Pop-Up Cumplea\u00f1os - Imaginascrap\" \/>\n<meta property=\"og:description\" content=\"Archivo de corte Caja Pop-Up Cumplea\u00f1os  Medidas de la caja: 15 x 15 x 5 cm  Incluye:  \u2714 Archivo SVG: para Cricut o Brother \u2714 Archivo Studio: para Silhouette Cameo \u2714 Video de armado  Los archivos se enviar\u00e1n por correo electr\u00f3nico una vez que se confirme el pago.  Este es un art\u00edculo digital. NO SE ENVIAR\u00c1 NING\u00daN ART\u00cdCULO F\u00cdSICO. No incluye archivos para impresi\u00f3n.  No se admiten cambios, devoluciones ni cancelaciones del producto digital.  Queda PROHIBIDA la venta o distribuci\u00f3n de este producto digital.\" \/>\n<meta property=\"og:url\" content=\"https:\/\/imaginascrap.com.mx\/tienda\/producto\/caja-pop-up-cumpleanos\/\" \/>\n<meta property=\"og:site_name\" content=\"Imaginascrap\" \/>\n<meta property=\"article:publisher\" content=\"https:\/\/www.facebook.com\/Imagina-Scrap-1644834815792761\/\" \/>\n<meta property=\"article:modified_time\" content=\"2026-01-08T21:18:08+00:00\" \/>\n<meta property=\"og:image\" content=\"https:\/\/imaginascrap.com.mx\/tienda\/wp-content\/uploads\/2025\/04\/Caja-popup-cumple.jpg\" \/>\n\t<meta property=\"og:image:width\" content=\"1417\" \/>\n\t<meta property=\"og:image:height\" content=\"1417\" \/>\n\t<meta property=\"og:image:type\" content=\"image\/jpeg\" \/>\n<meta name=\"twitter:card\" content=\"summary_large_image\" \/>\n<meta name=\"twitter:label1\" content=\"Tiempo de lectura\" \/>\n\t<meta name=\"twitter:data1\" content=\"1 minuto\" \/>\n<script type=\"application\/ld+json\" class=\"yoast-schema-graph\">{\"@context\":\"https:\/\/schema.org\",\"@graph\":[{\"@type\":\"WebPage\",\"@id\":\"https:\/\/imaginascrap.com.mx\/tienda\/producto\/caja-pop-up-cumpleanos\/\",\"url\":\"https:\/\/imaginascrap.com.mx\/tienda\/producto\/caja-pop-up-cumpleanos\/\",\"name\":\"Caja Pop-Up Cumplea\u00f1os - Imaginascrap\",\"isPartOf\":{\"@id\":\"https:\/\/imaginascrap.com.mx\/tienda\/#website\"},\"primaryImageOfPage\":{\"@id\":\"https:\/\/imaginascrap.com.mx\/tienda\/producto\/caja-pop-up-cumpleanos\/#primaryimage\"},\"image\":{\"@id\":\"https:\/\/imaginascrap.com.mx\/tienda\/producto\/caja-pop-up-cumpleanos\/#primaryimage\"},\"thumbnailUrl\":\"https:\/\/imaginascrap.com.mx\/tienda\/wp-content\/uploads\/2025\/04\/Caja-popup-cumple.jpg\",\"datePublished\":\"2025-04-07T21:26:15+00:00\",\"dateModified\":\"2026-01-08T21:18:08+00:00\",\"breadcrumb\":{\"@id\":\"https:\/\/imaginascrap.com.mx\/tienda\/producto\/caja-pop-up-cumpleanos\/#breadcrumb\"},\"inLanguage\":\"es\",\"potentialAction\":[{\"@type\":\"ReadAction\",\"target\":[\"https:\/\/imaginascrap.com.mx\/tienda\/producto\/caja-pop-up-cumpleanos\/\"]}]},{\"@type\":\"ImageObject\",\"inLanguage\":\"es\",\"@id\":\"https:\/\/imaginascrap.com.mx\/tienda\/producto\/caja-pop-up-cumpleanos\/#primaryimage\",\"url\":\"https:\/\/imaginascrap.com.mx\/tienda\/wp-content\/uploads\/2025\/04\/Caja-popup-cumple.jpg\",\"contentUrl\":\"https:\/\/imaginascrap.com.mx\/tienda\/wp-content\/uploads\/2025\/04\/Caja-popup-cumple.jpg\",\"width\":1417,\"height\":1417},{\"@type\":\"BreadcrumbList\",\"@id\":\"https:\/\/imaginascrap.com.mx\/tienda\/producto\/caja-pop-up-cumpleanos\/#breadcrumb\",\"itemListElement\":[{\"@type\":\"ListItem\",\"position\":1,\"name\":\"Portada\",\"item\":\"https:\/\/imaginascrap.com.mx\/tienda\/\"},{\"@type\":\"ListItem\",\"position\":2,\"name\":\"Tienda\",\"item\":\"https:\/\/imaginascrap.com.mx\/tienda\/tienda\/\"},{\"@type\":\"ListItem\",\"position\":3,\"name\":\"Caja Pop-Up Cumplea\u00f1os\"}]},{\"@type\":\"WebSite\",\"@id\":\"https:\/\/imaginascrap.com.mx\/tienda\/#website\",\"url\":\"https:\/\/imaginascrap.com.mx\/tienda\/\",\"name\":\"Imaginascrap\",\"description\":\"Venta de herramientas y materiales para manualidades\",\"publisher\":{\"@id\":\"https:\/\/imaginascrap.com.mx\/tienda\/#organization\"},\"potentialAction\":[{\"@type\":\"SearchAction\",\"target\":{\"@type\":\"EntryPoint\",\"urlTemplate\":\"https:\/\/imaginascrap.com.mx\/tienda\/?s={search_term_string}\"},\"query-input\":{\"@type\":\"PropertyValueSpecification\",\"valueRequired\":true,\"valueName\":\"search_term_string\"}}],\"inLanguage\":\"es\"},{\"@type\":\"Organization\",\"@id\":\"https:\/\/imaginascrap.com.mx\/tienda\/#organization\",\"name\":\"Imagina Scrap S.A de C.V.\",\"url\":\"https:\/\/imaginascrap.com.mx\/tienda\/\",\"logo\":{\"@type\":\"ImageObject\",\"inLanguage\":\"es\",\"@id\":\"https:\/\/imaginascrap.com.mx\/tienda\/#\/schema\/logo\/image\/\",\"url\":\"http:\/\/imaginascrap.com.mx\/tienda\/wp-content\/uploads\/2017\/06\/logo_Imagina-Scrap_ch.png\",\"contentUrl\":\"http:\/\/imaginascrap.com.mx\/tienda\/wp-content\/uploads\/2017\/06\/logo_Imagina-Scrap_ch.png\",\"width\":250,\"height\":250,\"caption\":\"Imagina Scrap S.A de C.V.\"},\"image\":{\"@id\":\"https:\/\/imaginascrap.com.mx\/tienda\/#\/schema\/logo\/image\/\"},\"sameAs\":[\"https:\/\/www.facebook.com\/Imagina-Scrap-1644834815792761\/\"]}]}<\/script>\n<!-- \/ Yoast SEO plugin. -->","yoast_head_json":{"title":"Caja Pop-Up Cumplea\u00f1os - Imaginascrap","robots":{"index":"index","follow":"follow","max-snippet":"max-snippet:-1","max-image-preview":"max-image-preview:large","max-video-preview":"max-video-preview:-1"},"canonical":"https:\/\/imaginascrap.com.mx\/tienda\/producto\/caja-pop-up-cumpleanos\/","og_locale":"es_ES","og_type":"article","og_title":"Caja Pop-Up Cumplea\u00f1os - Imaginascrap","og_description":"Archivo de corte Caja Pop-Up Cumplea\u00f1os  Medidas de la caja: 15 x 15 x 5 cm  Incluye:  \u2714 Archivo SVG: para Cricut o Brother \u2714 Archivo Studio: para Silhouette Cameo \u2714 Video de armado  Los archivos se enviar\u00e1n por correo electr\u00f3nico una vez que se confirme el pago.  Este es un art\u00edculo digital. NO SE ENVIAR\u00c1 NING\u00daN ART\u00cdCULO F\u00cdSICO. No incluye archivos para impresi\u00f3n.  No se admiten cambios, devoluciones ni cancelaciones del producto digital.  Queda PROHIBIDA la venta o distribuci\u00f3n de este producto digital.","og_url":"https:\/\/imaginascrap.com.mx\/tienda\/producto\/caja-pop-up-cumpleanos\/","og_site_name":"Imaginascrap","article_publisher":"https:\/\/www.facebook.com\/Imagina-Scrap-1644834815792761\/","article_modified_time":"2026-01-08T21:18:08+00:00","og_image":[{"width":1417,"height":1417,"url":"https:\/\/imaginascrap.com.mx\/tienda\/wp-content\/uploads\/2025\/04\/Caja-popup-cumple.jpg","type":"image\/jpeg"}],"twitter_card":"summary_large_image","twitter_misc":{"Tiempo de lectura":"1 minuto"},"schema":{"@context":"https:\/\/schema.org","@graph":[{"@type":"WebPage","@id":"https:\/\/imaginascrap.com.mx\/tienda\/producto\/caja-pop-up-cumpleanos\/","url":"https:\/\/imaginascrap.com.mx\/tienda\/producto\/caja-pop-up-cumpleanos\/","name":"Caja Pop-Up Cumplea\u00f1os - Imaginascrap","isPartOf":{"@id":"https:\/\/imaginascrap.com.mx\/tienda\/#website"},"primaryImageOfPage":{"@id":"https:\/\/imaginascrap.com.mx\/tienda\/producto\/caja-pop-up-cumpleanos\/#primaryimage"},"image":{"@id":"https:\/\/imaginascrap.com.mx\/tienda\/producto\/caja-pop-up-cumpleanos\/#primaryimage"},"thumbnailUrl":"https:\/\/imaginascrap.com.mx\/tienda\/wp-content\/uploads\/2025\/04\/Caja-popup-cumple.jpg","datePublished":"2025-04-07T21:26:15+00:00","dateModified":"2026-01-08T21:18:08+00:00","breadcrumb":{"@id":"https:\/\/imaginascrap.com.mx\/tienda\/producto\/caja-pop-up-cumpleanos\/#breadcrumb"},"inLanguage":"es","potentialAction":[{"@type":"ReadAction","target":["https:\/\/imaginascrap.com.mx\/tienda\/producto\/caja-pop-up-cumpleanos\/"]}]},{"@type":"ImageObject","inLanguage":"es","@id":"https:\/\/imaginascrap.com.mx\/tienda\/producto\/caja-pop-up-cumpleanos\/#primaryimage","url":"https:\/\/imaginascrap.com.mx\/tienda\/wp-content\/uploads\/2025\/04\/Caja-popup-cumple.jpg","contentUrl":"https:\/\/imaginascrap.com.mx\/tienda\/wp-content\/uploads\/2025\/04\/Caja-popup-cumple.jpg","width":1417,"height":1417},{"@type":"BreadcrumbList","@id":"https:\/\/imaginascrap.com.mx\/tienda\/producto\/caja-pop-up-cumpleanos\/#breadcrumb","itemListElement":[{"@type":"ListItem","position":1,"name":"Portada","item":"https:\/\/imaginascrap.com.mx\/tienda\/"},{"@type":"ListItem","position":2,"name":"Tienda","item":"https:\/\/imaginascrap.com.mx\/tienda\/tienda\/"},{"@type":"ListItem","position":3,"name":"Caja Pop-Up Cumplea\u00f1os"}]},{"@type":"WebSite","@id":"https:\/\/imaginascrap.com.mx\/tienda\/#website","url":"https:\/\/imaginascrap.com.mx\/tienda\/","name":"Imaginascrap","description":"Venta de herramientas y materiales para manualidades","publisher":{"@id":"https:\/\/imaginascrap.com.mx\/tienda\/#organization"},"potentialAction":[{"@type":"SearchAction","target":{"@type":"EntryPoint","urlTemplate":"https:\/\/imaginascrap.com.mx\/tienda\/?s={search_term_string}"},"query-input":{"@type":"PropertyValueSpecification","valueRequired":true,"valueName":"search_term_string"}}],"inLanguage":"es"},{"@type":"Organization","@id":"https:\/\/imaginascrap.com.mx\/tienda\/#organization","name":"Imagina Scrap S.A de C.V.","url":"https:\/\/imaginascrap.com.mx\/tienda\/","logo":{"@type":"ImageObject","inLanguage":"es","@id":"https:\/\/imaginascrap.com.mx\/tienda\/#\/schema\/logo\/image\/","url":"http:\/\/imaginascrap.com.mx\/tienda\/wp-content\/uploads\/2017\/06\/logo_Imagina-Scrap_ch.png","contentUrl":"http:\/\/imaginascrap.com.mx\/tienda\/wp-content\/uploads\/2017\/06\/logo_Imagina-Scrap_ch.png","width":250,"height":250,"caption":"Imagina Scrap S.A de C.V."},"image":{"@id":"https:\/\/imaginascrap.com.mx\/tienda\/#\/schema\/logo\/image\/"},"sameAs":["https:\/\/www.facebook.com\/Imagina-Scrap-1644834815792761\/"]}]}},"_links":{"self":[{"href":"https:\/\/imaginascrap.com.mx\/tienda\/wp-json\/wp\/v2\/product\/12831","targetHints":{"allow":["GET"]}}],"collection":[{"href":"https:\/\/imaginascrap.com.mx\/tienda\/wp-json\/wp\/v2\/product"}],"about":[{"href":"https:\/\/imaginascrap.com.mx\/tienda\/wp-json\/wp\/v2\/types\/product"}],"replies":[{"embeddable":true,"href":"https:\/\/imaginascrap.com.mx\/tienda\/wp-json\/wp\/v2\/comments?post=12831"}],"wp:featuredmedia":[{"embeddable":true,"href":"https:\/\/imaginascrap.com.mx\/tienda\/wp-json\/wp\/v2\/media\/13044"}],"wp:attachment":[{"href":"https:\/\/imaginascrap.com.mx\/tienda\/wp-json\/wp\/v2\/media?parent=12831"}],"wp:term":[{"taxonomy":"product_brand","embeddable":true,"href":"https:\/\/imaginascrap.com.mx\/tienda\/wp-json\/wp\/v2\/product_brand?post=12831"},{"taxonomy":"product_cat","embeddable":true,"href":"https:\/\/imaginascrap.com.mx\/tienda\/wp-json\/wp\/v2\/product_cat?post=12831"},{"taxonomy":"product_tag","embeddable":true,"href":"https:\/\/imaginascrap.com.mx\/tienda\/wp-json\/wp\/v2\/product_tag?post=12831"}],"curies":[{"name":"wp","href":"https:\/\/api.w.org\/{rel}","templated":true}]}}