{"id":12919,"date":"2025-04-15T18:55:17","date_gmt":"2025-04-16T00:55:17","guid":{"rendered":"https:\/\/imaginascrap.com.mx\/tienda\/?post_type=product&#038;p=12919"},"modified":"2025-05-27T11:06:29","modified_gmt":"2025-05-27T17:06:29","slug":"guillotina-cinch-stack-cutter","status":"publish","type":"product","link":"https:\/\/imaginascrap.com.mx\/tienda\/producto\/guillotina-cinch-stack-cutter\/","title":{"rendered":"Guillotina Cinch Stack Cutter"},"content":{"rendered":"","protected":false},"excerpt":{"rendered":"<div class=\"xdj266r x11i5rnm xat24cr x1mh8g0r x1vvkbs x126k92a\">\n<div dir=\"auto\">Corta como un profesional con la nueva Guillotina Cinch Stack Cutter<\/div>\n<\/div>\n<div class=\"x11i5rnm xat24cr x1mh8g0r x1vvkbs xtlvy1s x126k92a\">\n<ul>\n<li dir=\"auto\">Podr\u00e1s cortar materiales m\u00e1s gruesos y pilas de papel de hasta 2.5 cm de grosor de una sola vez con facilidad.<\/li>\n<li dir=\"auto\">Cuenta con gu\u00edas de medici\u00f3n integradas para garantizar que los cortes queden perfectamente alineados en todo momento.<\/li>\n<li dir=\"auto\">Fabricada con materiales de alta calidad, lo que garantiza su resistencia al uso frecuente y una larga vida \u00fatil.<\/li>\n<\/ul>\n<\/div>\n","protected":false},"featured_media":12920,"comment_status":"open","ping_status":"closed","template":"","meta":[],"product_brand":[],"product_cat":[101,109],"product_tag":[],"class_list":{"0":"post-12919","1":"product","2":"type-product","3":"status-publish","4":"has-post-thumbnail","6":"product_cat-cinch-wires","7":"product_cat-herramientas","8":"clearfix","10":"first","11":"outofstock","12":"taxable","13":"shipping-taxable","14":"purchasable","15":"product-type-simple"},"yoast_head":"<!-- This site is optimized with the Yoast SEO plugin v27.1.1 - https:\/\/yoast.com\/product\/yoast-seo-wordpress\/ -->\n<title>Guillotina Cinch Stack Cutter - Imaginascrap<\/title>\n<meta name=\"robots\" content=\"index, follow, max-snippet:-1, max-image-preview:large, max-video-preview:-1\" \/>\n<link rel=\"canonical\" href=\"https:\/\/imaginascrap.com.mx\/tienda\/producto\/guillotina-cinch-stack-cutter\/\" \/>\n<meta property=\"og:locale\" content=\"es_ES\" \/>\n<meta property=\"og:type\" content=\"article\" \/>\n<meta property=\"og:title\" content=\"Guillotina Cinch Stack Cutter - Imaginascrap\" \/>\n<meta property=\"og:description\" content=\"Corta como un profesional con la nueva Guillotina Cinch Stack Cutter     Podr\u00e1s cortar materiales m\u00e1s gruesos y pilas de papel de hasta 2.5 cm de grosor de una sola vez con facilidad.  Cuenta con gu\u00edas de medici\u00f3n integradas para garantizar que los cortes queden perfectamente alineados en todo momento.  Fabricada con materiales de alta calidad, lo que garantiza su resistencia al uso frecuente y una larga vida \u00fatil.\" \/>\n<meta property=\"og:url\" content=\"https:\/\/imaginascrap.com.mx\/tienda\/producto\/guillotina-cinch-stack-cutter\/\" \/>\n<meta property=\"og:site_name\" content=\"Imaginascrap\" \/>\n<meta property=\"article:publisher\" content=\"https:\/\/www.facebook.com\/Imagina-Scrap-1644834815792761\/\" \/>\n<meta property=\"article:modified_time\" content=\"2025-05-27T17:06:29+00:00\" \/>\n<meta property=\"og:image\" content=\"https:\/\/imaginascrap.com.mx\/tienda\/wp-content\/uploads\/2025\/04\/60001065.jpg\" \/>\n\t<meta property=\"og:image:width\" content=\"800\" \/>\n\t<meta property=\"og:image:height\" content=\"600\" \/>\n\t<meta property=\"og:image:type\" content=\"image\/jpeg\" \/>\n<meta name=\"twitter:card\" content=\"summary_large_image\" \/>\n<meta name=\"twitter:label1\" content=\"Tiempo de lectura\" \/>\n\t<meta name=\"twitter:data1\" content=\"1 minuto\" \/>\n<script type=\"application\/ld+json\" class=\"yoast-schema-graph\">{\"@context\":\"https:\/\/schema.org\",\"@graph\":[{\"@type\":\"WebPage\",\"@id\":\"https:\/\/imaginascrap.com.mx\/tienda\/producto\/guillotina-cinch-stack-cutter\/\",\"url\":\"https:\/\/imaginascrap.com.mx\/tienda\/producto\/guillotina-cinch-stack-cutter\/\",\"name\":\"Guillotina Cinch Stack Cutter - Imaginascrap\",\"isPartOf\":{\"@id\":\"https:\/\/imaginascrap.com.mx\/tienda\/#website\"},\"primaryImageOfPage\":{\"@id\":\"https:\/\/imaginascrap.com.mx\/tienda\/producto\/guillotina-cinch-stack-cutter\/#primaryimage\"},\"image\":{\"@id\":\"https:\/\/imaginascrap.com.mx\/tienda\/producto\/guillotina-cinch-stack-cutter\/#primaryimage\"},\"thumbnailUrl\":\"https:\/\/imaginascrap.com.mx\/tienda\/wp-content\/uploads\/2025\/04\/60001065.jpg\",\"datePublished\":\"2025-04-16T00:55:17+00:00\",\"dateModified\":\"2025-05-27T17:06:29+00:00\",\"breadcrumb\":{\"@id\":\"https:\/\/imaginascrap.com.mx\/tienda\/producto\/guillotina-cinch-stack-cutter\/#breadcrumb\"},\"inLanguage\":\"es\",\"potentialAction\":[{\"@type\":\"ReadAction\",\"target\":[\"https:\/\/imaginascrap.com.mx\/tienda\/producto\/guillotina-cinch-stack-cutter\/\"]}]},{\"@type\":\"ImageObject\",\"inLanguage\":\"es\",\"@id\":\"https:\/\/imaginascrap.com.mx\/tienda\/producto\/guillotina-cinch-stack-cutter\/#primaryimage\",\"url\":\"https:\/\/imaginascrap.com.mx\/tienda\/wp-content\/uploads\/2025\/04\/60001065.jpg\",\"contentUrl\":\"https:\/\/imaginascrap.com.mx\/tienda\/wp-content\/uploads\/2025\/04\/60001065.jpg\",\"width\":800,\"height\":600},{\"@type\":\"BreadcrumbList\",\"@id\":\"https:\/\/imaginascrap.com.mx\/tienda\/producto\/guillotina-cinch-stack-cutter\/#breadcrumb\",\"itemListElement\":[{\"@type\":\"ListItem\",\"position\":1,\"name\":\"Portada\",\"item\":\"https:\/\/imaginascrap.com.mx\/tienda\/\"},{\"@type\":\"ListItem\",\"position\":2,\"name\":\"Tienda\",\"item\":\"https:\/\/imaginascrap.com.mx\/tienda\/tienda\/\"},{\"@type\":\"ListItem\",\"position\":3,\"name\":\"Guillotina Cinch Stack Cutter\"}]},{\"@type\":\"WebSite\",\"@id\":\"https:\/\/imaginascrap.com.mx\/tienda\/#website\",\"url\":\"https:\/\/imaginascrap.com.mx\/tienda\/\",\"name\":\"Imaginascrap\",\"description\":\"Venta de herramientas y materiales para manualidades\",\"publisher\":{\"@id\":\"https:\/\/imaginascrap.com.mx\/tienda\/#organization\"},\"potentialAction\":[{\"@type\":\"SearchAction\",\"target\":{\"@type\":\"EntryPoint\",\"urlTemplate\":\"https:\/\/imaginascrap.com.mx\/tienda\/?s={search_term_string}\"},\"query-input\":{\"@type\":\"PropertyValueSpecification\",\"valueRequired\":true,\"valueName\":\"search_term_string\"}}],\"inLanguage\":\"es\"},{\"@type\":\"Organization\",\"@id\":\"https:\/\/imaginascrap.com.mx\/tienda\/#organization\",\"name\":\"Imagina Scrap S.A de C.V.\",\"url\":\"https:\/\/imaginascrap.com.mx\/tienda\/\",\"logo\":{\"@type\":\"ImageObject\",\"inLanguage\":\"es\",\"@id\":\"https:\/\/imaginascrap.com.mx\/tienda\/#\/schema\/logo\/image\/\",\"url\":\"http:\/\/imaginascrap.com.mx\/tienda\/wp-content\/uploads\/2017\/06\/logo_Imagina-Scrap_ch.png\",\"contentUrl\":\"http:\/\/imaginascrap.com.mx\/tienda\/wp-content\/uploads\/2017\/06\/logo_Imagina-Scrap_ch.png\",\"width\":250,\"height\":250,\"caption\":\"Imagina Scrap S.A de C.V.\"},\"image\":{\"@id\":\"https:\/\/imaginascrap.com.mx\/tienda\/#\/schema\/logo\/image\/\"},\"sameAs\":[\"https:\/\/www.facebook.com\/Imagina-Scrap-1644834815792761\/\"]}]}<\/script>\n<!-- \/ Yoast SEO plugin. -->","yoast_head_json":{"title":"Guillotina Cinch Stack Cutter - Imaginascrap","robots":{"index":"index","follow":"follow","max-snippet":"max-snippet:-1","max-image-preview":"max-image-preview:large","max-video-preview":"max-video-preview:-1"},"canonical":"https:\/\/imaginascrap.com.mx\/tienda\/producto\/guillotina-cinch-stack-cutter\/","og_locale":"es_ES","og_type":"article","og_title":"Guillotina Cinch Stack Cutter - Imaginascrap","og_description":"Corta como un profesional con la nueva Guillotina Cinch Stack Cutter     Podr\u00e1s cortar materiales m\u00e1s gruesos y pilas de papel de hasta 2.5 cm de grosor de una sola vez con facilidad.  Cuenta con gu\u00edas de medici\u00f3n integradas para garantizar que los cortes queden perfectamente alineados en todo momento.  Fabricada con materiales de alta calidad, lo que garantiza su resistencia al uso frecuente y una larga vida \u00fatil.","og_url":"https:\/\/imaginascrap.com.mx\/tienda\/producto\/guillotina-cinch-stack-cutter\/","og_site_name":"Imaginascrap","article_publisher":"https:\/\/www.facebook.com\/Imagina-Scrap-1644834815792761\/","article_modified_time":"2025-05-27T17:06:29+00:00","og_image":[{"width":800,"height":600,"url":"https:\/\/imaginascrap.com.mx\/tienda\/wp-content\/uploads\/2025\/04\/60001065.jpg","type":"image\/jpeg"}],"twitter_card":"summary_large_image","twitter_misc":{"Tiempo de lectura":"1 minuto"},"schema":{"@context":"https:\/\/schema.org","@graph":[{"@type":"WebPage","@id":"https:\/\/imaginascrap.com.mx\/tienda\/producto\/guillotina-cinch-stack-cutter\/","url":"https:\/\/imaginascrap.com.mx\/tienda\/producto\/guillotina-cinch-stack-cutter\/","name":"Guillotina Cinch Stack Cutter - Imaginascrap","isPartOf":{"@id":"https:\/\/imaginascrap.com.mx\/tienda\/#website"},"primaryImageOfPage":{"@id":"https:\/\/imaginascrap.com.mx\/tienda\/producto\/guillotina-cinch-stack-cutter\/#primaryimage"},"image":{"@id":"https:\/\/imaginascrap.com.mx\/tienda\/producto\/guillotina-cinch-stack-cutter\/#primaryimage"},"thumbnailUrl":"https:\/\/imaginascrap.com.mx\/tienda\/wp-content\/uploads\/2025\/04\/60001065.jpg","datePublished":"2025-04-16T00:55:17+00:00","dateModified":"2025-05-27T17:06:29+00:00","breadcrumb":{"@id":"https:\/\/imaginascrap.com.mx\/tienda\/producto\/guillotina-cinch-stack-cutter\/#breadcrumb"},"inLanguage":"es","potentialAction":[{"@type":"ReadAction","target":["https:\/\/imaginascrap.com.mx\/tienda\/producto\/guillotina-cinch-stack-cutter\/"]}]},{"@type":"ImageObject","inLanguage":"es","@id":"https:\/\/imaginascrap.com.mx\/tienda\/producto\/guillotina-cinch-stack-cutter\/#primaryimage","url":"https:\/\/imaginascrap.com.mx\/tienda\/wp-content\/uploads\/2025\/04\/60001065.jpg","contentUrl":"https:\/\/imaginascrap.com.mx\/tienda\/wp-content\/uploads\/2025\/04\/60001065.jpg","width":800,"height":600},{"@type":"BreadcrumbList","@id":"https:\/\/imaginascrap.com.mx\/tienda\/producto\/guillotina-cinch-stack-cutter\/#breadcrumb","itemListElement":[{"@type":"ListItem","position":1,"name":"Portada","item":"https:\/\/imaginascrap.com.mx\/tienda\/"},{"@type":"ListItem","position":2,"name":"Tienda","item":"https:\/\/imaginascrap.com.mx\/tienda\/tienda\/"},{"@type":"ListItem","position":3,"name":"Guillotina Cinch Stack Cutter"}]},{"@type":"WebSite","@id":"https:\/\/imaginascrap.com.mx\/tienda\/#website","url":"https:\/\/imaginascrap.com.mx\/tienda\/","name":"Imaginascrap","description":"Venta de herramientas y materiales para manualidades","publisher":{"@id":"https:\/\/imaginascrap.com.mx\/tienda\/#organization"},"potentialAction":[{"@type":"SearchAction","target":{"@type":"EntryPoint","urlTemplate":"https:\/\/imaginascrap.com.mx\/tienda\/?s={search_term_string}"},"query-input":{"@type":"PropertyValueSpecification","valueRequired":true,"valueName":"search_term_string"}}],"inLanguage":"es"},{"@type":"Organization","@id":"https:\/\/imaginascrap.com.mx\/tienda\/#organization","name":"Imagina Scrap S.A de C.V.","url":"https:\/\/imaginascrap.com.mx\/tienda\/","logo":{"@type":"ImageObject","inLanguage":"es","@id":"https:\/\/imaginascrap.com.mx\/tienda\/#\/schema\/logo\/image\/","url":"http:\/\/imaginascrap.com.mx\/tienda\/wp-content\/uploads\/2017\/06\/logo_Imagina-Scrap_ch.png","contentUrl":"http:\/\/imaginascrap.com.mx\/tienda\/wp-content\/uploads\/2017\/06\/logo_Imagina-Scrap_ch.png","width":250,"height":250,"caption":"Imagina Scrap S.A de C.V."},"image":{"@id":"https:\/\/imaginascrap.com.mx\/tienda\/#\/schema\/logo\/image\/"},"sameAs":["https:\/\/www.facebook.com\/Imagina-Scrap-1644834815792761\/"]}]}},"_links":{"self":[{"href":"https:\/\/imaginascrap.com.mx\/tienda\/wp-json\/wp\/v2\/product\/12919","targetHints":{"allow":["GET"]}}],"collection":[{"href":"https:\/\/imaginascrap.com.mx\/tienda\/wp-json\/wp\/v2\/product"}],"about":[{"href":"https:\/\/imaginascrap.com.mx\/tienda\/wp-json\/wp\/v2\/types\/product"}],"replies":[{"embeddable":true,"href":"https:\/\/imaginascrap.com.mx\/tienda\/wp-json\/wp\/v2\/comments?post=12919"}],"wp:featuredmedia":[{"embeddable":true,"href":"https:\/\/imaginascrap.com.mx\/tienda\/wp-json\/wp\/v2\/media\/12920"}],"wp:attachment":[{"href":"https:\/\/imaginascrap.com.mx\/tienda\/wp-json\/wp\/v2\/media?parent=12919"}],"wp:term":[{"taxonomy":"product_brand","embeddable":true,"href":"https:\/\/imaginascrap.com.mx\/tienda\/wp-json\/wp\/v2\/product_brand?post=12919"},{"taxonomy":"product_cat","embeddable":true,"href":"https:\/\/imaginascrap.com.mx\/tienda\/wp-json\/wp\/v2\/product_cat?post=12919"},{"taxonomy":"product_tag","embeddable":true,"href":"https:\/\/imaginascrap.com.mx\/tienda\/wp-json\/wp\/v2\/product_tag?post=12919"}],"curies":[{"name":"wp","href":"https:\/\/api.w.org\/{rel}","templated":true}]}}