{"id":13006,"date":"2025-07-08T18:23:16","date_gmt":"2025-07-09T00:23:16","guid":{"rendered":"https:\/\/imaginascrap.com.mx\/tienda\/?post_type=product&#038;p=13006"},"modified":"2026-02-01T07:26:27","modified_gmt":"2026-02-01T13:26:27","slug":"shadow-box-punch-board","status":"publish","type":"product","link":"https:\/\/imaginascrap.com.mx\/tienda\/producto\/shadow-box-punch-board\/","title":{"rendered":"Shadow Box Punch Board"},"content":{"rendered":"","protected":false},"excerpt":{"rendered":"<p id=\"tw-target-text\" class=\"tw-data-text tw-text-large tw-ta\" dir=\"ltr\" data-placeholder=\"Traducci\u00f3n\" data-ved=\"2ahUKEwjk4tzpu66OAxXY5MkDHVSOBMsQ3ewLegQICRAU\" aria-label=\"Texto traducido: \u00a1Dale vida a tus manualidades con papel con la tabla perforadora de cajas de sombras de We R Makers! Crea impresionantes cajas de sombras en cuatro tama\u00f1os vers\u00e1tiles: 5 cm, 7,6 cm, 10 cm y 12,7 cm, perfectas para todo, desde regalar hasta organizar. Esta herramienta sencilla y f\u00e1cil de usar te gu\u00eda en el proceso con un rayado sencillo, perforaciones precisas en las esquinas y un montaje perfecto. Con una gu\u00eda integrada que se adapta al tama\u00f1o inicial del papel, crear es pan comido. Sigue las instrucciones paso a paso incluidas o mira nuestro video instructivo para obtener consejos y trucos adicionales. Ya sea que est\u00e9s creando calendarios de adviento con detalles, dise\u00f1ando tarjetas desplegables en capas o creando expositores personalizados para joyer\u00eda y peque\u00f1os art\u00edculos, esta herramienta te ayudar\u00e1. Incluso puedes crear una cubierta o envoltorio a juego para un acabado impecable. Perfecta para creadores de tarjetas, personas que hacen regalos o due\u00f1os de peque\u00f1as empresas que buscan darle un toque profesional. \u00a1No te pierdas nuestra idea de proyecto extra: un porta tarjetas de regalo personalizable! La tabla perforadora de cajas de sombras convierte la creatividad en una experiencia sencilla y divertida. Tambi\u00e9n combina perfectamente con el perforador de bisagras We R (se vende por separado).\"><span class=\"Y2IQFc\" lang=\"es\">Dale vida a tus manualidades con la tabla perforadora de cajas de sombras de We R Makers<\/span><\/p>\n<p class=\"tw-data-text tw-text-large tw-ta\" dir=\"ltr\" data-placeholder=\"Traducci\u00f3n\" data-ved=\"2ahUKEwjk4tzpu66OAxXY5MkDHVSOBMsQ3ewLegQICRAU\" aria-label=\"Texto traducido: \u00a1Dale vida a tus manualidades con papel con la tabla perforadora de cajas de sombras de We R Makers! Crea impresionantes cajas de sombras en cuatro tama\u00f1os vers\u00e1tiles: 5 cm, 7,6 cm, 10 cm y 12,7 cm, perfectas para todo, desde regalar hasta organizar. Esta herramienta sencilla y f\u00e1cil de usar te gu\u00eda en el proceso con un rayado sencillo, perforaciones precisas en las esquinas y un montaje perfecto. Con una gu\u00eda integrada que se adapta al tama\u00f1o inicial del papel, crear es pan comido. Sigue las instrucciones paso a paso incluidas o mira nuestro video instructivo para obtener consejos y trucos adicionales. Ya sea que est\u00e9s creando calendarios de adviento con detalles, dise\u00f1ando tarjetas desplegables en capas o creando expositores personalizados para joyer\u00eda y peque\u00f1os art\u00edculos, esta herramienta te ayudar\u00e1. Incluso puedes crear una cubierta o envoltorio a juego para un acabado impecable. Perfecta para creadores de tarjetas, personas que hacen regalos o due\u00f1os de peque\u00f1as empresas que buscan darle un toque profesional. \u00a1No te pierdas nuestra idea de proyecto extra: un porta tarjetas de regalo personalizable! La tabla perforadora de cajas de sombras convierte la creatividad en una experiencia sencilla y divertida. Tambi\u00e9n combina perfectamente con el perforador de bisagras We R (se vende por separado).\"><span class=\"Y2IQFc\" lang=\"es\">Crea cajas de sombras en cuatro tama\u00f1os vers\u00e1tiles: 2&#8243;, 3&#8243;, 4&#8243; y 5&#8243;<\/span><\/p>\n<p id=\"tw-target-text\" class=\"tw-data-text tw-text-large tw-ta\" dir=\"ltr\" data-placeholder=\"Traducci\u00f3n\" data-ved=\"2ahUKEwjk4tzpu66OAxXY5MkDHVSOBMsQ3ewLegQICRAU\" aria-label=\"Texto traducido: \u00a1Dale vida a tus manualidades con papel con la tabla perforadora de cajas de sombras de We R Makers! Crea impresionantes cajas de sombras en cuatro tama\u00f1os vers\u00e1tiles: 5 cm, 7,6 cm, 10 cm y 12,7 cm, perfectas para todo, desde regalar hasta organizar. Esta herramienta sencilla y f\u00e1cil de usar te gu\u00eda en el proceso con un rayado sencillo, perforaciones precisas en las esquinas y un montaje perfecto. Con una gu\u00eda integrada que se adapta al tama\u00f1o inicial del papel, crear es pan comido. Sigue las instrucciones paso a paso incluidas o mira nuestro video instructivo para obtener consejos y trucos adicionales. Ya sea que est\u00e9s creando calendarios de adviento con detalles, dise\u00f1ando tarjetas desplegables en capas o creando expositores personalizados para joyer\u00eda y peque\u00f1os art\u00edculos, esta herramienta te ayudar\u00e1. Incluso puedes crear una cubierta o envoltorio a juego para un acabado impecable. Perfecta para creadores de tarjetas, personas que hacen regalos o due\u00f1os de peque\u00f1as empresas que buscan darle un toque profesional. \u00a1No te pierdas nuestra idea de proyecto extra: un porta tarjetas de regalo personalizable! La tabla perforadora de cajas de sombras convierte la creatividad en una experiencia sencilla y divertida. Tambi\u00e9n combina perfectamente con el perforador de bisagras We R (se vende por separado).\"><span class=\"Y2IQFc\" lang=\"es\">Esta herramienta sencilla y f\u00e1cil de usar te gu\u00eda en el proceso con un rayado sencillo, perforaciones precisas en las esquinas y un montaje perfecto. <\/span><\/p>\n<p id=\"tw-target-text\" class=\"tw-data-text tw-text-large tw-ta\" dir=\"ltr\" data-placeholder=\"Traducci\u00f3n\" data-ved=\"2ahUKEwjk4tzpu66OAxXY5MkDHVSOBMsQ3ewLegQICRAU\" aria-label=\"Texto traducido: \u00a1Dale vida a tus manualidades con papel con la tabla perforadora de cajas de sombras de We R Makers! Crea impresionantes cajas de sombras en cuatro tama\u00f1os vers\u00e1tiles: 5 cm, 7,6 cm, 10 cm y 12,7 cm, perfectas para todo, desde regalar hasta organizar. Esta herramienta sencilla y f\u00e1cil de usar te gu\u00eda en el proceso con un rayado sencillo, perforaciones precisas en las esquinas y un montaje perfecto. Con una gu\u00eda integrada que se adapta al tama\u00f1o inicial del papel, crear es pan comido. Sigue las instrucciones paso a paso incluidas o mira nuestro video instructivo para obtener consejos y trucos adicionales. Ya sea que est\u00e9s creando calendarios de adviento con detalles, dise\u00f1ando tarjetas desplegables en capas o creando expositores personalizados para joyer\u00eda y peque\u00f1os art\u00edculos, esta herramienta te ayudar\u00e1. Incluso puedes crear una cubierta o envoltorio a juego para un acabado impecable. Perfecta para creadores de tarjetas, personas que hacen regalos o due\u00f1os de peque\u00f1as empresas que buscan darle un toque profesional. \u00a1No te pierdas nuestra idea de proyecto extra: un porta tarjetas de regalo personalizable! La tabla perforadora de cajas de sombras convierte la creatividad en una experiencia sencilla y divertida. Tambi\u00e9n combina perfectamente con el perforador de bisagras We R (se vende por separado).\"><span class=\"Y2IQFc\" lang=\"es\">Perfecta para crear tarjetas o hacer hermosos regalos.<\/span><\/p>\n<p id=\"tw-target-text\" class=\"tw-data-text tw-text-large tw-ta\" dir=\"ltr\" data-placeholder=\"Traducci\u00f3n\" data-ved=\"2ahUKEwjk4tzpu66OAxXY5MkDHVSOBMsQ3ewLegQICRAU\" aria-label=\"Texto traducido: \u00a1Dale vida a tus manualidades con papel con la tabla perforadora de cajas de sombras de We R Makers! Crea impresionantes cajas de sombras en cuatro tama\u00f1os vers\u00e1tiles: 5 cm, 7,6 cm, 10 cm y 12,7 cm, perfectas para todo, desde regalar hasta organizar. Esta herramienta sencilla y f\u00e1cil de usar te gu\u00eda en el proceso con un rayado sencillo, perforaciones precisas en las esquinas y un montaje perfecto. Con una gu\u00eda integrada que se adapta al tama\u00f1o inicial del papel, crear es pan comido. Sigue las instrucciones paso a paso incluidas o mira nuestro video instructivo para obtener consejos y trucos adicionales. Ya sea que est\u00e9s creando calendarios de adviento con detalles, dise\u00f1ando tarjetas desplegables en capas o creando expositores personalizados para joyer\u00eda y peque\u00f1os art\u00edculos, esta herramienta te ayudar\u00e1. Incluso puedes crear una cubierta o envoltorio a juego para un acabado impecable. Perfecta para creadores de tarjetas, personas que hacen regalos o due\u00f1os de peque\u00f1as empresas que buscan darle un toque profesional. \u00a1No te pierdas nuestra idea de proyecto extra: un porta tarjetas de regalo personalizable! La tabla perforadora de cajas de sombras convierte la creatividad en una experiencia sencilla y divertida. Tambi\u00e9n combina perfectamente con el perforador de bisagras We R (se vende por separado).\"><span class=\"Y2IQFc\" lang=\"es\">Combina perfectamente con el perforador de bisagras We R (se vende por separado).<\/span><\/p>\n","protected":false},"featured_media":13007,"comment_status":"open","ping_status":"closed","template":"","meta":[],"product_brand":[],"product_cat":[109,131],"product_tag":[],"class_list":{"0":"post-13006","1":"product","2":"type-product","3":"status-publish","4":"has-post-thumbnail","6":"product_cat-herramientas","7":"product_cat-puch-boards","8":"clearfix","10":"first","11":"instock","12":"featured","13":"taxable","14":"shipping-taxable","15":"purchasable","16":"product-type-simple"},"yoast_head":"<!-- This site is optimized with the Yoast SEO plugin v27.6 - https:\/\/yoast.com\/product\/yoast-seo-wordpress\/ -->\n<title>Shadow Box Punch Board - Imaginascrap<\/title>\n<meta name=\"robots\" content=\"index, follow, max-snippet:-1, max-image-preview:large, max-video-preview:-1\" \/>\n<link rel=\"canonical\" href=\"https:\/\/imaginascrap.com.mx\/tienda\/producto\/shadow-box-punch-board\/\" \/>\n<meta property=\"og:locale\" content=\"es_ES\" \/>\n<meta property=\"og:type\" content=\"article\" \/>\n<meta property=\"og:title\" content=\"Shadow Box Punch Board - Imaginascrap\" \/>\n<meta property=\"og:description\" content=\"Dale vida a tus manualidades con la tabla perforadora de cajas de sombras de We R Makers Crea cajas de sombras en cuatro tama\u00f1os vers\u00e1tiles: 2&quot;, 3&quot;, 4&quot; y 5&quot; Esta herramienta sencilla y f\u00e1cil de usar te gu\u00eda en el proceso con un rayado sencillo, perforaciones precisas en las esquinas y un montaje perfecto.  Perfecta para crear tarjetas o hacer hermosos regalos. Combina perfectamente con el perforador de bisagras We R (se vende por separado).\" \/>\n<meta property=\"og:url\" content=\"https:\/\/imaginascrap.com.mx\/tienda\/producto\/shadow-box-punch-board\/\" \/>\n<meta property=\"og:site_name\" content=\"Imaginascrap\" \/>\n<meta property=\"article:publisher\" content=\"https:\/\/www.facebook.com\/Imagina-Scrap-1644834815792761\/\" \/>\n<meta property=\"article:modified_time\" content=\"2026-02-01T13:26:27+00:00\" \/>\n<meta property=\"og:image\" content=\"https:\/\/imaginascrap.com.mx\/tienda\/wp-content\/uploads\/2025\/07\/60001201-6.jpg\" \/>\n\t<meta property=\"og:image:width\" content=\"800\" \/>\n\t<meta property=\"og:image:height\" content=\"600\" \/>\n\t<meta property=\"og:image:type\" content=\"image\/jpeg\" \/>\n<meta name=\"twitter:card\" content=\"summary_large_image\" \/>\n<meta name=\"twitter:label1\" content=\"Tiempo de lectura\" \/>\n\t<meta name=\"twitter:data1\" content=\"1 minuto\" \/>\n<script type=\"application\/ld+json\" class=\"yoast-schema-graph\">{\"@context\":\"https:\\\/\\\/schema.org\",\"@graph\":[{\"@type\":\"WebPage\",\"@id\":\"https:\\\/\\\/imaginascrap.com.mx\\\/tienda\\\/producto\\\/shadow-box-punch-board\\\/\",\"url\":\"https:\\\/\\\/imaginascrap.com.mx\\\/tienda\\\/producto\\\/shadow-box-punch-board\\\/\",\"name\":\"Shadow Box Punch Board - Imaginascrap\",\"isPartOf\":{\"@id\":\"https:\\\/\\\/imaginascrap.com.mx\\\/tienda\\\/#website\"},\"primaryImageOfPage\":{\"@id\":\"https:\\\/\\\/imaginascrap.com.mx\\\/tienda\\\/producto\\\/shadow-box-punch-board\\\/#primaryimage\"},\"image\":{\"@id\":\"https:\\\/\\\/imaginascrap.com.mx\\\/tienda\\\/producto\\\/shadow-box-punch-board\\\/#primaryimage\"},\"thumbnailUrl\":\"https:\\\/\\\/imaginascrap.com.mx\\\/tienda\\\/wp-content\\\/uploads\\\/2025\\\/07\\\/60001201-6.jpg\",\"datePublished\":\"2025-07-09T00:23:16+00:00\",\"dateModified\":\"2026-02-01T13:26:27+00:00\",\"breadcrumb\":{\"@id\":\"https:\\\/\\\/imaginascrap.com.mx\\\/tienda\\\/producto\\\/shadow-box-punch-board\\\/#breadcrumb\"},\"inLanguage\":\"es\",\"potentialAction\":[{\"@type\":\"ReadAction\",\"target\":[\"https:\\\/\\\/imaginascrap.com.mx\\\/tienda\\\/producto\\\/shadow-box-punch-board\\\/\"]}]},{\"@type\":\"ImageObject\",\"inLanguage\":\"es\",\"@id\":\"https:\\\/\\\/imaginascrap.com.mx\\\/tienda\\\/producto\\\/shadow-box-punch-board\\\/#primaryimage\",\"url\":\"https:\\\/\\\/imaginascrap.com.mx\\\/tienda\\\/wp-content\\\/uploads\\\/2025\\\/07\\\/60001201-6.jpg\",\"contentUrl\":\"https:\\\/\\\/imaginascrap.com.mx\\\/tienda\\\/wp-content\\\/uploads\\\/2025\\\/07\\\/60001201-6.jpg\",\"width\":800,\"height\":600},{\"@type\":\"BreadcrumbList\",\"@id\":\"https:\\\/\\\/imaginascrap.com.mx\\\/tienda\\\/producto\\\/shadow-box-punch-board\\\/#breadcrumb\",\"itemListElement\":[{\"@type\":\"ListItem\",\"position\":1,\"name\":\"Portada\",\"item\":\"https:\\\/\\\/imaginascrap.com.mx\\\/tienda\\\/\"},{\"@type\":\"ListItem\",\"position\":2,\"name\":\"Tienda\",\"item\":\"https:\\\/\\\/imaginascrap.com.mx\\\/tienda\\\/tienda\\\/\"},{\"@type\":\"ListItem\",\"position\":3,\"name\":\"Shadow Box Punch Board\"}]},{\"@type\":\"WebSite\",\"@id\":\"https:\\\/\\\/imaginascrap.com.mx\\\/tienda\\\/#website\",\"url\":\"https:\\\/\\\/imaginascrap.com.mx\\\/tienda\\\/\",\"name\":\"Imaginascrap\",\"description\":\"Venta de herramientas y materiales para manualidades\",\"publisher\":{\"@id\":\"https:\\\/\\\/imaginascrap.com.mx\\\/tienda\\\/#organization\"},\"potentialAction\":[{\"@type\":\"SearchAction\",\"target\":{\"@type\":\"EntryPoint\",\"urlTemplate\":\"https:\\\/\\\/imaginascrap.com.mx\\\/tienda\\\/?s={search_term_string}\"},\"query-input\":{\"@type\":\"PropertyValueSpecification\",\"valueRequired\":true,\"valueName\":\"search_term_string\"}}],\"inLanguage\":\"es\"},{\"@type\":\"Organization\",\"@id\":\"https:\\\/\\\/imaginascrap.com.mx\\\/tienda\\\/#organization\",\"name\":\"Imagina Scrap S.A de C.V.\",\"url\":\"https:\\\/\\\/imaginascrap.com.mx\\\/tienda\\\/\",\"logo\":{\"@type\":\"ImageObject\",\"inLanguage\":\"es\",\"@id\":\"https:\\\/\\\/imaginascrap.com.mx\\\/tienda\\\/#\\\/schema\\\/logo\\\/image\\\/\",\"url\":\"http:\\\/\\\/imaginascrap.com.mx\\\/tienda\\\/wp-content\\\/uploads\\\/2017\\\/06\\\/logo_Imagina-Scrap_ch.png\",\"contentUrl\":\"http:\\\/\\\/imaginascrap.com.mx\\\/tienda\\\/wp-content\\\/uploads\\\/2017\\\/06\\\/logo_Imagina-Scrap_ch.png\",\"width\":250,\"height\":250,\"caption\":\"Imagina Scrap S.A de C.V.\"},\"image\":{\"@id\":\"https:\\\/\\\/imaginascrap.com.mx\\\/tienda\\\/#\\\/schema\\\/logo\\\/image\\\/\"},\"sameAs\":[\"https:\\\/\\\/www.facebook.com\\\/Imagina-Scrap-1644834815792761\\\/\"]}]}<\/script>\n<!-- \/ Yoast SEO plugin. -->","yoast_head_json":{"title":"Shadow Box Punch Board - Imaginascrap","robots":{"index":"index","follow":"follow","max-snippet":"max-snippet:-1","max-image-preview":"max-image-preview:large","max-video-preview":"max-video-preview:-1"},"canonical":"https:\/\/imaginascrap.com.mx\/tienda\/producto\/shadow-box-punch-board\/","og_locale":"es_ES","og_type":"article","og_title":"Shadow Box Punch Board - Imaginascrap","og_description":"Dale vida a tus manualidades con la tabla perforadora de cajas de sombras de We R Makers Crea cajas de sombras en cuatro tama\u00f1os vers\u00e1tiles: 2\", 3\", 4\" y 5\" Esta herramienta sencilla y f\u00e1cil de usar te gu\u00eda en el proceso con un rayado sencillo, perforaciones precisas en las esquinas y un montaje perfecto.  Perfecta para crear tarjetas o hacer hermosos regalos. Combina perfectamente con el perforador de bisagras We R (se vende por separado).","og_url":"https:\/\/imaginascrap.com.mx\/tienda\/producto\/shadow-box-punch-board\/","og_site_name":"Imaginascrap","article_publisher":"https:\/\/www.facebook.com\/Imagina-Scrap-1644834815792761\/","article_modified_time":"2026-02-01T13:26:27+00:00","og_image":[{"width":800,"height":600,"url":"https:\/\/imaginascrap.com.mx\/tienda\/wp-content\/uploads\/2025\/07\/60001201-6.jpg","type":"image\/jpeg"}],"twitter_card":"summary_large_image","twitter_misc":{"Tiempo de lectura":"1 minuto"},"schema":{"@context":"https:\/\/schema.org","@graph":[{"@type":"WebPage","@id":"https:\/\/imaginascrap.com.mx\/tienda\/producto\/shadow-box-punch-board\/","url":"https:\/\/imaginascrap.com.mx\/tienda\/producto\/shadow-box-punch-board\/","name":"Shadow Box Punch Board - Imaginascrap","isPartOf":{"@id":"https:\/\/imaginascrap.com.mx\/tienda\/#website"},"primaryImageOfPage":{"@id":"https:\/\/imaginascrap.com.mx\/tienda\/producto\/shadow-box-punch-board\/#primaryimage"},"image":{"@id":"https:\/\/imaginascrap.com.mx\/tienda\/producto\/shadow-box-punch-board\/#primaryimage"},"thumbnailUrl":"https:\/\/imaginascrap.com.mx\/tienda\/wp-content\/uploads\/2025\/07\/60001201-6.jpg","datePublished":"2025-07-09T00:23:16+00:00","dateModified":"2026-02-01T13:26:27+00:00","breadcrumb":{"@id":"https:\/\/imaginascrap.com.mx\/tienda\/producto\/shadow-box-punch-board\/#breadcrumb"},"inLanguage":"es","potentialAction":[{"@type":"ReadAction","target":["https:\/\/imaginascrap.com.mx\/tienda\/producto\/shadow-box-punch-board\/"]}]},{"@type":"ImageObject","inLanguage":"es","@id":"https:\/\/imaginascrap.com.mx\/tienda\/producto\/shadow-box-punch-board\/#primaryimage","url":"https:\/\/imaginascrap.com.mx\/tienda\/wp-content\/uploads\/2025\/07\/60001201-6.jpg","contentUrl":"https:\/\/imaginascrap.com.mx\/tienda\/wp-content\/uploads\/2025\/07\/60001201-6.jpg","width":800,"height":600},{"@type":"BreadcrumbList","@id":"https:\/\/imaginascrap.com.mx\/tienda\/producto\/shadow-box-punch-board\/#breadcrumb","itemListElement":[{"@type":"ListItem","position":1,"name":"Portada","item":"https:\/\/imaginascrap.com.mx\/tienda\/"},{"@type":"ListItem","position":2,"name":"Tienda","item":"https:\/\/imaginascrap.com.mx\/tienda\/tienda\/"},{"@type":"ListItem","position":3,"name":"Shadow Box Punch Board"}]},{"@type":"WebSite","@id":"https:\/\/imaginascrap.com.mx\/tienda\/#website","url":"https:\/\/imaginascrap.com.mx\/tienda\/","name":"Imaginascrap","description":"Venta de herramientas y materiales para manualidades","publisher":{"@id":"https:\/\/imaginascrap.com.mx\/tienda\/#organization"},"potentialAction":[{"@type":"SearchAction","target":{"@type":"EntryPoint","urlTemplate":"https:\/\/imaginascrap.com.mx\/tienda\/?s={search_term_string}"},"query-input":{"@type":"PropertyValueSpecification","valueRequired":true,"valueName":"search_term_string"}}],"inLanguage":"es"},{"@type":"Organization","@id":"https:\/\/imaginascrap.com.mx\/tienda\/#organization","name":"Imagina Scrap S.A de C.V.","url":"https:\/\/imaginascrap.com.mx\/tienda\/","logo":{"@type":"ImageObject","inLanguage":"es","@id":"https:\/\/imaginascrap.com.mx\/tienda\/#\/schema\/logo\/image\/","url":"http:\/\/imaginascrap.com.mx\/tienda\/wp-content\/uploads\/2017\/06\/logo_Imagina-Scrap_ch.png","contentUrl":"http:\/\/imaginascrap.com.mx\/tienda\/wp-content\/uploads\/2017\/06\/logo_Imagina-Scrap_ch.png","width":250,"height":250,"caption":"Imagina Scrap S.A de C.V."},"image":{"@id":"https:\/\/imaginascrap.com.mx\/tienda\/#\/schema\/logo\/image\/"},"sameAs":["https:\/\/www.facebook.com\/Imagina-Scrap-1644834815792761\/"]}]}},"_links":{"self":[{"href":"https:\/\/imaginascrap.com.mx\/tienda\/wp-json\/wp\/v2\/product\/13006","targetHints":{"allow":["GET"]}}],"collection":[{"href":"https:\/\/imaginascrap.com.mx\/tienda\/wp-json\/wp\/v2\/product"}],"about":[{"href":"https:\/\/imaginascrap.com.mx\/tienda\/wp-json\/wp\/v2\/types\/product"}],"replies":[{"embeddable":true,"href":"https:\/\/imaginascrap.com.mx\/tienda\/wp-json\/wp\/v2\/comments?post=13006"}],"wp:featuredmedia":[{"embeddable":true,"href":"https:\/\/imaginascrap.com.mx\/tienda\/wp-json\/wp\/v2\/media\/13007"}],"wp:attachment":[{"href":"https:\/\/imaginascrap.com.mx\/tienda\/wp-json\/wp\/v2\/media?parent=13006"}],"wp:term":[{"taxonomy":"product_brand","embeddable":true,"href":"https:\/\/imaginascrap.com.mx\/tienda\/wp-json\/wp\/v2\/product_brand?post=13006"},{"taxonomy":"product_cat","embeddable":true,"href":"https:\/\/imaginascrap.com.mx\/tienda\/wp-json\/wp\/v2\/product_cat?post=13006"},{"taxonomy":"product_tag","embeddable":true,"href":"https:\/\/imaginascrap.com.mx\/tienda\/wp-json\/wp\/v2\/product_tag?post=13006"}],"curies":[{"name":"wp","href":"https:\/\/api.w.org\/{rel}","templated":true}]}}